{"id":5124,"date":"2019-08-10T16:51:31","date_gmt":"2019-08-10T14:51:31","guid":{"rendered":"http:\/\/osk.koemau.at\/fussball\/?page_id=5124"},"modified":"2019-08-10T17:35:24","modified_gmt":"2019-08-10T15:35:24","slug":"spielplan-spielberichte-saison-2018-19","status":"publish","type":"page","link":"https:\/\/osk.koemau.at\/fussball\/spielplan-spielberichte-saison-2018-19\/","title":{"rendered":"Spielplan &#038; Spielberichte Saison 2018\/19"},"content":{"rendered":"<div class=\"sp-table-wrapper\">\n<table class=\"sp-scrollable-table\" border=\"0\">\n<tbody>\n<tr>\n<td>1. Runde<\/td>\n<td>29.07.<\/td>\n<td>ASK\u00d6 Irschen<\/td>\n<td>&#8211;<\/td>\n<td><strong>OSK K\u00f6tschach-M. <\/strong><\/td>\n<td>3:3<\/td>\n<td>&#8230; <a href=\"http:\/\/osk.koemau.at\/fussball\/2018\/07\/30\/01-runde-201819-sonntag-29-juli-2018\/\">zum Bericht<\/a><\/td>\n<\/tr>\n<tr>\n<td>2. Runde<\/td>\n<td>04.08.<\/td>\n<td><strong> OSK K\u00f6tschach-M. <\/strong><\/td>\n<td>&#8211;<\/td>\n<td>SU Oberlienz<\/td>\n<td>4:1<\/td>\n<td>&#8230; <a href=\"http:\/\/osk.koemau.at\/fussball\/2018\/08\/06\/02-runde-201819-samstag-04-august-2018\/\" target=\"_blank\" rel=\"noopener noreferrer\">zum Bericht<\/a><\/td>\n<\/tr>\n<tr>\n<td>3. Runde<\/td>\n<td>11.08.<\/td>\n<td>FC D\u00f6lsach<\/td>\n<td>&#8211;<\/td>\n<td><strong>OSK K\u00f6tschach-M. <\/strong><\/td>\n<td>1:1<\/td>\n<td>&#8230; <a href=\"http:\/\/osk.koemau.at\/fussball\/2018\/08\/13\/03-runde-201819-samstag-11-august-2018\/\" target=\"_blank\" rel=\"noopener noreferrer\">zum Bericht<\/a><\/td>\n<\/tr>\n<tr>\n<td>4. Runde<\/td>\n<td>18.08.<\/td>\n<td>SV Malta<\/td>\n<td>&#8211;<\/td>\n<td><strong>OSK K\u00f6tschach-M. <\/strong><\/td>\n<td>2:3<\/td>\n<td>&#8230; <a href=\"http:\/\/osk.koemau.at\/fussball\/2018\/08\/20\/04-runde-201819-samstag-18-august-2018\/\" target=\"_blank\" rel=\"noopener noreferrer\">zum Bericht<\/a><\/td>\n<\/tr>\n<tr>\n<td>5. Runde<\/td>\n<td>25.08.<\/td>\n<td><strong> OSK K\u00f6tschach-M. <\/strong><\/td>\n<td>&#8211;<\/td>\n<td>FC Hermagor<\/td>\n<td>1:4<\/td>\n<td>&#8230; <a href=\"http:\/\/osk.koemau.at\/fussball\/2018\/08\/27\/05-runde-201819-samstag-25-august-2018\/\" target=\"_blank\" rel=\"noopener noreferrer\">zum Bericht<\/a><\/td>\n<\/tr>\n<tr>\n<td>6. Runde<\/td>\n<td>02.09.<\/td>\n<td>TSU Virgen<\/td>\n<td>&#8211;<\/td>\n<td><strong>OSK K\u00f6tschach-M. <\/strong><\/td>\n<td>1:1<\/td>\n<td>&#8230; <a href=\"http:\/\/osk.koemau.at\/fussball\/2018\/09\/03\/06-runde-201819-sonntag-02-september-2018\/\" target=\"_blank\" rel=\"noopener noreferrer\">zum Bericht<\/a><\/td>\n<\/tr>\n<tr>\n<td>7. Runde<\/td>\n<td>09.09.<\/td>\n<td><strong> OSK K\u00f6tschach-M. <\/strong><\/td>\n<td>&#8211;<\/td>\n<td>SV Tristach<\/td>\n<td>1:0<\/td>\n<td>&#8230; <a href=\"http:\/\/osk.koemau.at\/fussball\/2018\/09\/10\/07-runde-201819-sonntag-09-september-2018\/\" target=\"_blank\" rel=\"noopener noreferrer\">zum Bericht<\/a><\/td>\n<\/tr>\n<tr>\n<td>8. Runde<\/td>\n<td>15.09.<\/td>\n<td>FC M\u00f6lltal<\/td>\n<td>&#8211;<\/td>\n<td><strong>OSK K\u00f6tschach-M. <\/strong><\/td>\n<td>1:2<\/td>\n<td>&#8230; <a href=\"http:\/\/osk.koemau.at\/fussball\/2018\/09\/17\/08-runde-201819-samstag-15-september-2018\/\" target=\"_blank\" rel=\"noopener noreferrer\">zum Bericht<\/a><\/td>\n<\/tr>\n<tr>\n<td>9. Runde<\/td>\n<td>22.09.<\/td>\n<td><strong> OSK K\u00f6tschach-M. <\/strong><\/td>\n<td>&#8211;<\/td>\n<td>ASK\u00d6 Dellach\/Drau<\/td>\n<td>0:3<\/td>\n<td>&#8230; <a href=\"http:\/\/osk.koemau.at\/fussball\/2018\/09\/24\/09-runde-201819-samstag-22-september-2018\/\" target=\"_blank\" rel=\"noopener noreferrer\">zum Bericht<\/a><\/td>\n<\/tr>\n<tr>\n<td>10. Runde<\/td>\n<td>29.09.<\/td>\n<td>TSU Pr\u00e4graten<\/td>\n<td>&#8211;<\/td>\n<td><strong>OSK K\u00f6tschach-M. <\/strong><\/td>\n<td>0:3<\/td>\n<td>&#8230; <a href=\"http:\/\/osk.koemau.at\/fussball\/2018\/10\/01\/10-runde-201819-samstag-29-september-2018\/\" target=\"_blank\" rel=\"noopener noreferrer\">zum Bericht<\/a><\/td>\n<\/tr>\n<tr>\n<td>11. Runde<\/td>\n<td>06.10.<\/td>\n<td><strong> OSK K\u00f6tschach-M. <\/strong><\/td>\n<td>&#8211;<\/td>\n<td>FC Sillian<\/td>\n<td>4:0<\/td>\n<td>&#8230; <a href=\"http:\/\/osk.koemau.at\/fussball\/2018\/10\/08\/11-runde-201819-samstag-06-oktober-2018\/\" target=\"_blank\" rel=\"noopener noreferrer\">zum Bericht<\/a><\/td>\n<\/tr>\n<tr>\n<td>12. Runde<\/td>\n<td>13.10.<\/td>\n<td>SV Egg<\/td>\n<td>&#8211;<\/td>\n<td><strong>OSK K\u00f6tschach-M. <\/strong><\/td>\n<td>1:1<\/td>\n<td>&#8230; <a href=\"http:\/\/osk.koemau.at\/fussball\/2018\/10\/15\/12-runde-201819-samstag-13-oktober-2018\/\" target=\"_blank\" rel=\"noopener noreferrer\">zum Bericht<\/a><\/td>\n<\/tr>\n<tr>\n<td>13. Runde<\/td>\n<td>20.10.<\/td>\n<td><strong> OSK K\u00f6tschach-M. <\/strong><\/td>\n<td>&#8211;<\/td>\n<td>SC M\u00fchldorf<\/td>\n<td>0:0<\/td>\n<td>&#8230; <a href=\"http:\/\/osk.koemau.at\/fussball\/2018\/10\/22\/13-runde-201819-samstag-20-oktober-2018\/\" target=\"_blank\" rel=\"noopener noreferrer\">zum Bericht<\/a><\/td>\n<\/tr>\n<tr>\n<td>14. Runde<\/td>\n<td>27.10.<\/td>\n<td>FC Lurnfeld<\/td>\n<td>&#8211;<\/td>\n<td><strong>OSK K\u00f6tschach-M. <\/strong><\/td>\n<td>1:0<\/td>\n<td>&#8230; <a href=\"http:\/\/osk.koemau.at\/fussball\/2018\/10\/31\/14-runde-201819-samstag-27-oktober-2018\/\" target=\"_blank\" rel=\"noopener noreferrer\">zum Bericht<\/a><\/td>\n<\/tr>\n<tr>\n<td>15. Runde<\/td>\n<td>03.11.<\/td>\n<td><strong> OSK K\u00f6tschach-M. <\/strong><\/td>\n<td>&#8211;<\/td>\n<td>TSU Matrei 1b<\/td>\n<td>4:0<\/td>\n<td>&#8230; <a href=\"http:\/\/osk.koemau.at\/fussball\/2018\/11\/05\/15-runde-201819-samstag-03-november-2018\/\" target=\"_blank\" rel=\"noopener noreferrer\">zum Bericht<\/a><\/td>\n<\/tr>\n<tr>\n<td>16. Runde<\/td>\n<td>10.11.<\/td>\n<td><strong> OSK K\u00f6tschach-M. <\/strong><\/td>\n<td>&#8211;<\/td>\n<td>ASK\u00d6 Irschen<\/td>\n<td>4:1<\/td>\n<td>&#8230; <a href=\"http:\/\/osk.koemau.at\/fussball\/2018\/11\/12\/16-runde-201819-samstag-10-november-2018\/\" target=\"_blank\" rel=\"noopener noreferrer\">zum Bericht<\/a><\/td>\n<\/tr>\n<tr>\n<td>17. Runde<\/td>\n<td>23.03.<\/td>\n<td>SU Oberlienz<\/td>\n<td>&#8211;<\/td>\n<td><strong>OSK K\u00f6tschach-M. <\/strong><\/td>\n<td>5:2<\/td>\n<td>&#8230; <a href=\"http:\/\/osk.koemau.at\/fussball\/2019\/03\/25\/17-runde-2018-19-samstag-23-maerz-2019\/\" target=\"_blank\" rel=\"noopener noreferrer\">zum Bericht<\/a><\/td>\n<\/tr>\n<tr>\n<td>18. Runde<\/td>\n<td>30.03.<\/td>\n<td><strong> OSK K\u00f6tschach-M. <\/strong><\/td>\n<td>&#8211;<\/td>\n<td>FC D\u00f6lsach<\/td>\n<td>0:2<\/td>\n<td>&#8230; <a href=\"http:\/\/osk.koemau.at\/fussball\/2019\/04\/03\/18-runde-2018-19-samstag-30-maerz-2019\/\" target=\"_blank\" rel=\"noopener noreferrer\">zum Bericht<\/a><\/td>\n<\/tr>\n<tr>\n<td>19. Runde<\/td>\n<td>06.04.<\/td>\n<td><strong> OSK K\u00f6tschach-M. <\/strong><\/td>\n<td>&#8211;<\/td>\n<td>SV Malta<\/td>\n<td>3:1<\/td>\n<td>&#8230; <a href=\"http:\/\/osk.koemau.at\/fussball\/2019\/04\/08\/19-runde-201819-samstag-06-april-2019\/\" target=\"_blank\" rel=\"noopener noreferrer\">zum Bericht<\/a><\/td>\n<\/tr>\n<tr>\n<td>20. Runde<\/td>\n<td>13.04.<\/td>\n<td>FC Hermagor<\/td>\n<td>&#8211;<\/td>\n<td><strong>OSK K\u00f6tschach-M. <\/strong><\/td>\n<td>1:0<\/td>\n<td>&#8230; <a href=\"http:\/\/osk.koemau.at\/fussball\/2019\/04\/15\/20-runde-201819-samstag-13-april-2019\/\" target=\"_blank\" rel=\"noopener noreferrer\">zum Bericht<\/a><\/td>\n<\/tr>\n<tr>\n<td>21. Runde<\/td>\n<td>20.04.<\/td>\n<td><strong> OSK K\u00f6tschach-M. <\/strong><\/td>\n<td>&#8211;<\/td>\n<td>TSU Virgen<\/td>\n<td>2:1<\/td>\n<td>&#8230; <a href=\"http:\/\/osk.koemau.at\/fussball\/2019\/04\/23\/21-runde-201819-samstag-20-april-2019\/\" target=\"_blank\" rel=\"noopener noreferrer\">zum Bericht<\/a><\/td>\n<\/tr>\n<tr>\n<td>22. Runde<\/td>\n<td>10.05.<\/td>\n<td>SV Tristach<\/td>\n<td>&#8211;<\/td>\n<td><strong>OSK K\u00f6tschach-M. <\/strong><\/td>\n<td>2:0<\/td>\n<td>&#8230; <a href=\"http:\/\/osk.koemau.at\/fussball\/2019\/05\/12\/22-runde-201819-nachtrag-freitag-10-mai-2019\/\" target=\"_blank\" rel=\"noopener noreferrer\">zum Bericht<\/a><\/td>\n<\/tr>\n<tr>\n<td>23. Runde<\/td>\n<td>01.05.<\/td>\n<td><strong> OSK K\u00f6tschach-M. <\/strong><\/td>\n<td>&#8211;<\/td>\n<td>FC M\u00f6lltal<\/td>\n<td>6:0<\/td>\n<td>&#8230; <a href=\"http:\/\/osk.koemau.at\/fussball\/2019\/05\/02\/23-runde-201819-mittwoch-01-mai-2019\/\" target=\"_blank\" rel=\"noopener noreferrer\">zum Bericht<\/a><\/td>\n<\/tr>\n<tr>\n<td>24. Runde<\/td>\n<td>05.05.<\/td>\n<td>ASK\u00d6 Dellach\/Drau<\/td>\n<td>&#8211;<\/td>\n<td><strong>OSK K\u00f6tschach-M. <\/strong><\/td>\n<td>2:2<\/td>\n<td>&#8230; <a href=\"http:\/\/osk.koemau.at\/fussball\/2019\/05\/06\/24-runde-201819-sonntag-05-mai-2019\/\" target=\"_blank\" rel=\"noopener noreferrer\">zum Bericht<\/a><\/td>\n<\/tr>\n<tr>\n<td>25. Runde<\/td>\n<td>12.05.<\/td>\n<td><strong> OSK K\u00f6tschach-M. <\/strong><\/td>\n<td>&#8211;<\/td>\n<td>TSU Pr\u00e4graten<\/td>\n<td>3:0<\/td>\n<td>&#8230; <a href=\"http:\/\/osk.koemau.at\/fussball\/2019\/05\/13\/25-runde-201819-sonntag-12-mai-2019\/\" target=\"_blank\" rel=\"noopener noreferrer\">zum Bericht<\/a><\/td>\n<\/tr>\n<tr>\n<td>26. Runde<\/td>\n<td>18.05.<\/td>\n<td>FC Sillian<\/td>\n<td>&#8211;<\/td>\n<td><strong>OSK K\u00f6tschach-M. <\/strong><\/td>\n<td>0:1<\/td>\n<td>&#8230; <a href=\"http:\/\/osk.koemau.at\/fussball\/2019\/05\/20\/26-runde-201819-samstag-18-mai-2019\/\" target=\"_blank\" rel=\"noopener noreferrer\">zum Bericht<\/a><\/td>\n<\/tr>\n<tr>\n<td>27. Runde<\/td>\n<td>25.05.<\/td>\n<td><strong> OSK K\u00f6tschach-M. <\/strong><\/td>\n<td>&#8211;<\/td>\n<td>SV Egg<\/td>\n<td>1:1<\/td>\n<td>&#8230; <a href=\"http:\/\/osk.koemau.at\/fussball\/2019\/05\/27\/27-runde-201819-samstag-25-mai-2019\/\" target=\"_blank\" rel=\"noopener noreferrer\">zum Bericht<\/a><\/td>\n<\/tr>\n<tr>\n<td>28. Runde<\/td>\n<td>30.05.<\/td>\n<td>SC M\u00fchldorf<\/td>\n<td>&#8211;<\/td>\n<td><strong>OSK K\u00f6tschach-M. <\/strong><\/td>\n<td>2:3<\/td>\n<td>&#8230; <a href=\"http:\/\/osk.koemau.at\/fussball\/2019\/05\/31\/28-runde-201819-donnerstag-30-mai-2019\/\" target=\"_blank\" rel=\"noopener noreferrer\">zum Bericht<\/a><\/td>\n<\/tr>\n<tr>\n<td>29. Runde<\/td>\n<td>01.06.<\/td>\n<td><strong> OSK K\u00f6tschach-M. <\/strong><\/td>\n<td>&#8211;<\/td>\n<td>FC Lurnfeld<\/td>\n<td>4:1<\/td>\n<td>&#8230; <a href=\"http:\/\/osk.koemau.at\/fussball\/2019\/06\/03\/29-runde-201819-samstag-01-juni-2019\/\" target=\"_blank\" rel=\"noopener noreferrer\">zum Bericht<\/a><\/td>\n<\/tr>\n<tr>\n<td>30. Runde<\/td>\n<td>08.06.<\/td>\n<td>TSU Matrei 1b<\/td>\n<td>&#8211;<\/td>\n<td><strong>OSK K\u00f6tschach-M. <\/strong><\/td>\n<td>3:7<\/td>\n<td>&#8230; <a href=\"http:\/\/osk.koemau.at\/fussball\/2019\/06\/11\/30-runde-201819-samstag-08-juni-2019\/\" target=\"_blank\" rel=\"noopener noreferrer\">zum Bericht<\/a><\/td>\n<\/tr>\n<\/tbody>\n<\/table>\n<\/div>\n<p>&#8230; <a href=\"http:\/\/osk.koemau.at\/fussball\/spielplan-spielberichte-saison-2017-18\/\">hier geht&#8217;s zu den Spielberichten der Saison 2017\/18<\/a><\/p>\n","protected":false},"excerpt":{"rendered":"<p>1. Runde 29.07. ASK\u00d6 Irschen &#8211; OSK K\u00f6tschach-M. 3:3 &#8230; zum Bericht 2. Runde 04.08. OSK K\u00f6tschach-M. &#8211; SU Oberlienz 4:1 &#8230; zum Bericht 3. Runde 11.08. FC D\u00f6lsach &#8211; OSK K\u00f6tschach-M. 1:1 &#8230; zum Bericht 4. Runde 18.08. SV Malta &#8211; OSK K\u00f6tschach-M. 2:3 &#8230; zum Bericht 5. Runde 25.08. OSK K\u00f6tschach-M. &#8211; FC [&hellip;]<\/p>\n","protected":false},"author":1,"featured_media":0,"parent":0,"menu_order":0,"comment_status":"closed","ping_status":"closed","template":"","meta":{"footnotes":""},"_links":{"self":[{"href":"https:\/\/osk.koemau.at\/fussball\/wp-json\/wp\/v2\/pages\/5124"}],"collection":[{"href":"https:\/\/osk.koemau.at\/fussball\/wp-json\/wp\/v2\/pages"}],"about":[{"href":"https:\/\/osk.koemau.at\/fussball\/wp-json\/wp\/v2\/types\/page"}],"author":[{"embeddable":true,"href":"https:\/\/osk.koemau.at\/fussball\/wp-json\/wp\/v2\/users\/1"}],"replies":[{"embeddable":true,"href":"https:\/\/osk.koemau.at\/fussball\/wp-json\/wp\/v2\/comments?post=5124"}],"version-history":[{"count":3,"href":"https:\/\/osk.koemau.at\/fussball\/wp-json\/wp\/v2\/pages\/5124\/revisions"}],"predecessor-version":[{"id":5149,"href":"https:\/\/osk.koemau.at\/fussball\/wp-json\/wp\/v2\/pages\/5124\/revisions\/5149"}],"wp:attachment":[{"href":"https:\/\/osk.koemau.at\/fussball\/wp-json\/wp\/v2\/media?parent=5124"}],"curies":[{"name":"wp","href":"https:\/\/api.w.org\/{rel}","templated":true}]}}