{"id":5147,"date":"2019-08-10T17:35:02","date_gmt":"2019-08-10T15:35:02","guid":{"rendered":"http:\/\/osk.koemau.at\/fussball\/?page_id=5147"},"modified":"2019-09-02T10:49:52","modified_gmt":"2019-09-02T08:49:52","slug":"spielplan-spielberichte-saison-2017-18","status":"publish","type":"page","link":"https:\/\/osk.koemau.at\/fussball\/spielplan-spielberichte-saison-2017-18\/","title":{"rendered":"Spielplan &#038; Spielberichte Saison 2017\/18"},"content":{"rendered":"<div class=\"sp-table-wrapper\">\n<table class=\"sp-scrollable-table\" border=\"0\">\n<tbody>\n<tr>\n<td>1. Runde<\/td>\n<td>29.07.<\/td>\n<td>SV Greifenburg<\/td>\n<td>&#8211;<\/td>\n<td><strong>OSK K\u00f6tschach-M. <\/strong><\/td>\n<td>2:1<\/td>\n<td>&#8230; <a href=\"http:\/\/osk.koemau.at\/fussball\/2017\/07\/31\/01-runde-201718-samstag-29-juli-2017\/\" target=\"_blank\" rel=\"noopener noreferrer\">zum Bericht<\/a><\/td>\n<\/tr>\n<tr>\n<td>2. Runde<\/td>\n<td>05.08.<\/td>\n<td><strong> OSK K\u00f6tschach-M. <\/strong><\/td>\n<td>&#8211;<\/td>\n<td>ATUS N\u00f6tsch<\/td>\n<td>1:5<\/td>\n<td>&#8230; <a href=\"http:\/\/osk.koemau.at\/fussball\/2017\/08\/07\/02-runde-201718-samstag-05-august-2017\/\" target=\"_blank\" rel=\"noopener noreferrer\">zum Bericht<\/a><\/td>\n<\/tr>\n<tr>\n<td>3. Runde<\/td>\n<td>12.08.<\/td>\n<td>FC F\u00fcrnitz<\/td>\n<td>&#8211;<\/td>\n<td><strong>OSK K\u00f6tschach-M. <\/strong><\/td>\n<td>3:1<\/td>\n<td>&#8230; <a href=\"http:\/\/osk.koemau.at\/fussball\/2017\/08\/14\/03-runde-201718-samstag-12-august-2017\/\" target=\"_blank\" rel=\"noopener noreferrer\">zum Bericht<\/a><\/td>\n<\/tr>\n<tr>\n<td>4. Runde<\/td>\n<td>19.08.<\/td>\n<td><strong> OSK K\u00f6tschach-M. <\/strong><\/td>\n<td>&#8211;<\/td>\n<td>SV Dellach\/Gail<\/td>\n<td>0:6<\/td>\n<td>&#8230; <a href=\"http:\/\/osk.koemau.at\/fussball\/2017\/08\/21\/04-runde-201718-samstag-19-august-2017\/\" target=\"_blank\" rel=\"noopener noreferrer\">zum Bericht<\/a><\/td>\n<\/tr>\n<tr>\n<td>5. Runde<\/td>\n<td>26.08.<\/td>\n<td>ASK\u00d6 Dellach\/Drau<\/td>\n<td>&#8211;<\/td>\n<td><strong>OSK K\u00f6tschach-M. <\/strong><\/td>\n<td>2:1<\/td>\n<td>&#8230; <a href=\"http:\/\/osk.koemau.at\/fussball\/2017\/08\/28\/05-runde-201718-samstag-26-august-2017\/\" target=\"_blank\" rel=\"noopener noreferrer\">zum Bericht<\/a><\/td>\n<\/tr>\n<tr>\n<td>6. Runde<\/td>\n<td>02.09.<\/td>\n<td><strong> OSK K\u00f6tschach-M. <\/strong><\/td>\n<td>&#8211;<\/td>\n<td>WSG Radenthein<\/td>\n<td>0:7<\/td>\n<td>&#8230; <a href=\"http:\/\/osk.koemau.at\/fussball\/2017\/09\/04\/06-runde-201718-samstag-02-september-2017\/\" target=\"_blank\" rel=\"noopener noreferrer\">zum Bericht<\/a><\/td>\n<\/tr>\n<tr>\n<td>7. Runde<\/td>\n<td>09.09.<\/td>\n<td>SV Lind<\/td>\n<td>&#8211;<\/td>\n<td><strong>OSK K\u00f6tschach-M. <\/strong><\/td>\n<td>4:1<\/td>\n<td>&#8230; <a href=\"http:\/\/osk.koemau.at\/fussball\/2017\/09\/11\/07-runde-201718-samstag-09-september-2017\/\" target=\"_blank\" rel=\"noopener noreferrer\">zum Bericht<\/a><\/td>\n<\/tr>\n<tr>\n<td>8. Runde<\/td>\n<td>15.08.<\/td>\n<td><strong> OSK K\u00f6tschach-M. <\/strong><\/td>\n<td>&#8211;<\/td>\n<td>TSU Matrei<\/td>\n<td>0:4<\/td>\n<td>&#8230; <a href=\"http:\/\/osk.koemau.at\/fussball\/2017\/08\/16\/08-runde-201718-dienstag-15-august-2017\/\" target=\"_blank\" rel=\"noopener noreferrer\">zum Bericht<\/a><\/td>\n<\/tr>\n<tr>\n<td>9. Runde<\/td>\n<td>23.09.<\/td>\n<td>FC Nu\u00dfdorf<\/td>\n<td>&#8211;<\/td>\n<td><strong>OSK K\u00f6tschach-M. <\/strong><\/td>\n<td>3:1<\/td>\n<td>&#8230; <a href=\"http:\/\/osk.koemau.at\/fussball\/2017\/09\/25\/09-runde-201718-samstag-23-september-2017\/\" target=\"_blank\" rel=\"noopener noreferrer\">zum Bericht<\/a><\/td>\n<\/tr>\n<tr>\n<td>10. Runde<\/td>\n<td>30.09.<\/td>\n<td><strong> OSK K\u00f6tschach-M. <\/strong><\/td>\n<td>&#8211;<\/td>\n<td>SV Rosegg<\/td>\n<td>4:5<\/td>\n<td>&#8230; <a href=\"http:\/\/osk.koemau.at\/fussball\/2017\/10\/02\/10-runde-201718-samstag-30-september-2017\/\" target=\"_blank\" rel=\"noopener noreferrer\">zum Bericht<\/a><\/td>\n<\/tr>\n<tr>\n<td>11. Runde<\/td>\n<td>07.10.<\/td>\n<td>SC Landskron<\/td>\n<td>&#8211;<\/td>\n<td><strong>OSK K\u00f6tschach-M. <\/strong><\/td>\n<td>5:0<\/td>\n<td>&#8230; <a href=\"http:\/\/osk.koemau.at\/fussball\/2017\/10\/09\/11-runde-201718-samstag-07-oktober-2017\/\" target=\"_blank\" rel=\"noopener noreferrer\">zum Bericht<\/a><\/td>\n<\/tr>\n<tr>\n<td>12. Runde<\/td>\n<td>14.10.<\/td>\n<td>SV Seeboden<\/td>\n<td>&#8211;<\/td>\n<td><strong>OSK K\u00f6tschach-M. <\/strong><\/td>\n<td>4:0<\/td>\n<td>&#8230; <a href=\"http:\/\/osk.koemau.at\/fussball\/2017\/10\/16\/12-runde-201718-samstag-14-oktober-2017\/\" target=\"_blank\" rel=\"noopener noreferrer\">zum Bericht<\/a><\/td>\n<\/tr>\n<tr>\n<td>13. Runde<\/td>\n<td>21.10.<\/td>\n<td><strong> OSK K\u00f6tschach-M. <\/strong><\/td>\n<td>&#8211;<\/td>\n<td>SV Sachsenburg<\/td>\n<td>0:5<\/td>\n<td>&#8230; <a href=\"http:\/\/osk.koemau.at\/fussball\/2017\/10\/23\/13-runde-201718-samstag-21-oktober-2017\/\" target=\"_blank\" rel=\"noopener noreferrer\">zum Bericht<\/a><\/td>\n<\/tr>\n<tr>\n<td>14. Runde<\/td>\n<td>26.10.<\/td>\n<td>SV Penk<\/td>\n<td>&#8211;<\/td>\n<td><strong>OSK K\u00f6tschach-M. <\/strong><\/td>\n<td>0:5<\/td>\n<td>&#8230; <a href=\"http:\/\/osk.koemau.at\/fussball\/2017\/10\/27\/14-runde-201718-donnerstag-26-oktober-2017\/\" target=\"_blank\" rel=\"noopener noreferrer\">zum Bericht<\/a><\/td>\n<\/tr>\n<tr>\n<td>15. Runde<\/td>\n<td>28.10.<\/td>\n<td><strong> OSK K\u00f6tschach-M. <\/strong><\/td>\n<td>&#8211;<\/td>\n<td>SV Lienz<\/td>\n<td>2:4<\/td>\n<td>&#8230; <a href=\"http:\/\/osk.koemau.at\/fussball\/2017\/10\/30\/15-runde-201718-samstag-28-oktober-2017\/\" target=\"_blank\" rel=\"noopener noreferrer\">zum Bericht<\/a><\/td>\n<\/tr>\n<tr>\n<td>16. Runde<\/td>\n<td>04.11.<\/td>\n<td><strong> OSK K\u00f6tschach-M. <\/strong><\/td>\n<td>&#8211;<\/td>\n<td>SV Greifenburg<\/td>\n<td>1:1<\/td>\n<td>&#8230; <a href=\"http:\/\/osk.koemau.at\/fussball\/2017\/11\/06\/16-runde-201718-samstag-04-november-2017\/\" target=\"_blank\" rel=\"noopener noreferrer\">zum Bericht<\/a><\/td>\n<\/tr>\n<tr>\n<td>17. Runde<\/td>\n<td>25.03.<\/td>\n<td>ATUS N\u00f6tsch<\/td>\n<td>&#8211;<\/td>\n<td><strong>OSK K\u00f6tschach-M. <\/strong><\/td>\n<td>1:2<\/td>\n<td>&#8230; <a href=\"http:\/\/osk.koemau.at\/fussball\/2018\/03\/26\/17-runde-2017-18-sonntag-25-maerz-2018\/\" target=\"_blank\" rel=\"noopener noreferrer\">zum Bericht<\/a><\/td>\n<\/tr>\n<tr>\n<td>18. Runde<\/td>\n<td>31.03.<\/td>\n<td><strong> OSK K\u00f6tschach-M. <\/strong><\/td>\n<td>&#8211;<\/td>\n<td>FC F\u00fcrnitz<\/td>\n<td>1:2<\/td>\n<td>&#8230; <a href=\"http:\/\/osk.koemau.at\/fussball\/2018\/04\/02\/18-runde-2017-18-samstag-31-maerz-2018\/\" target=\"_blank\" rel=\"noopener noreferrer\">zum Bericht<\/a><\/td>\n<\/tr>\n<tr>\n<td>19. Runde<\/td>\n<td>08.04.<\/td>\n<td>SV Dellach\/Gail<\/td>\n<td>&#8211;<\/td>\n<td><strong>OSK K\u00f6tschach-M. <\/strong><\/td>\n<td>4:1<\/td>\n<td>&#8230; <a href=\"http:\/\/osk.koemau.at\/fussball\/2018\/04\/09\/19-runde-201718-sonntag-08-april-2018\/\" target=\"_blank\" rel=\"noopener noreferrer\">zum Bericht<\/a><\/td>\n<\/tr>\n<tr>\n<td>20. Runde<\/td>\n<td>14.04.<\/td>\n<td><strong> OSK K\u00f6tschach-M. <\/strong><\/td>\n<td>&#8211;<\/td>\n<td>ASK\u00d6 Dellach\/Drau<\/td>\n<td>0:4<\/td>\n<td>&#8230; <a href=\"http:\/\/osk.koemau.at\/fussball\/2018\/04\/16\/20-runde-201718-samstag-14-april-2018\/\" target=\"_blank\" rel=\"noopener noreferrer\">zum Bericht<\/a><\/td>\n<\/tr>\n<tr>\n<td>21. Runde<\/td>\n<td>21.04.<\/td>\n<td>WSG Radenthein<\/td>\n<td>&#8211;<\/td>\n<td><strong>OSK K\u00f6tschach-M. <\/strong><\/td>\n<td>3:0<\/td>\n<td>&#8230; <a href=\"http:\/\/osk.koemau.at\/fussball\/2018\/04\/23\/21-runde-201718-samstag-21-april-2018\/\" target=\"_blank\" rel=\"noopener noreferrer\">zum Bericht<\/a><\/td>\n<\/tr>\n<tr>\n<td>22. Runde<\/td>\n<td>28.04.<\/td>\n<td><strong> OSK K\u00f6tschach-M. <\/strong><\/td>\n<td>&#8211;<\/td>\n<td>SV Lind<\/td>\n<td>2:2<\/td>\n<td>&#8230; <a href=\"http:\/\/osk.koemau.at\/fussball\/2018\/04\/30\/22-runde-201718-samstag-28-april-2018\/\" target=\"_blank\" rel=\"noopener noreferrer\">zum Bericht<\/a><\/td>\n<\/tr>\n<tr>\n<td>23. Runde<\/td>\n<td>05.05.<\/td>\n<td>TSU Matrei<\/td>\n<td>&#8211;<\/td>\n<td><strong>OSK K\u00f6tschach-M. <\/strong><\/td>\n<td>5:0<\/td>\n<td>&#8230; <a href=\"http:\/\/osk.koemau.at\/fussball\/2018\/05\/07\/23-runde-201718-samstag-05-mai-2018\/\" target=\"_blank\" rel=\"noopener noreferrer\">zum Bericht<\/a><\/td>\n<\/tr>\n<tr>\n<td>24. Runde<\/td>\n<td>12.05.<\/td>\n<td><strong> OSK K\u00f6tschach-M. <\/strong><\/td>\n<td>&#8211;<\/td>\n<td>FC Nu\u00dfdorf<\/td>\n<td>0:4<\/td>\n<td>&#8230; <a href=\"http:\/\/osk.koemau.at\/fussball\/2018\/05\/14\/24-runde-201718-samstag-12-mai-2018\/\" target=\"_blank\" rel=\"noopener noreferrer\">zum Bericht<\/a><\/td>\n<\/tr>\n<tr>\n<td>25. Runde<\/td>\n<td>19.05.<\/td>\n<td>SV Rosegg<\/td>\n<td>&#8211;<\/td>\n<td><strong>OSK K\u00f6tschach-M. <\/strong><\/td>\n<td>6:3<\/td>\n<td>&#8230; <a href=\"http:\/\/osk.koemau.at\/fussball\/2018\/05\/22\/25-runde-201718-samstag-19-mai-2018\/\" target=\"_blank\" rel=\"noopener noreferrer\">zum Bericht<\/a><\/td>\n<\/tr>\n<tr>\n<td>26. Runde<\/td>\n<td>26.05.<\/td>\n<td><strong> OSK K\u00f6tschach-M. <\/strong><\/td>\n<td>&#8211;<\/td>\n<td>SC Landskron<\/td>\n<td>3:3<\/td>\n<td>&#8230; <a href=\"http:\/\/osk.koemau.at\/fussball\/2018\/05\/28\/26-runde-201718-samstag-26-mai-2018\/\" target=\"_blank\" rel=\"noopener noreferrer\">zum Bericht<\/a><\/td>\n<\/tr>\n<tr>\n<td>27. Runde<\/td>\n<td>31.05.<\/td>\n<td><strong> OSK K\u00f6tschach-M. <\/strong><\/td>\n<td>&#8211;<\/td>\n<td>SV Seeboden<\/td>\n<td>3:3<\/td>\n<td>&#8230; <a href=\"http:\/\/osk.koemau.at\/fussball\/2018\/06\/02\/27-runde-201718-donnerstag-31-mai-2018\/\" target=\"_blank\" rel=\"noopener noreferrer\">zum Bericht<\/a><\/td>\n<\/tr>\n<tr>\n<td>28. Runde<\/td>\n<td>02.06.<\/td>\n<td>SV Sachsenburg<\/td>\n<td>&#8211;<\/td>\n<td><strong>OSK K\u00f6tschach-M. <\/strong><\/td>\n<td>2:0<\/td>\n<td>&#8230; <a href=\"http:\/\/osk.koemau.at\/fussball\/2018\/06\/04\/28-runde-201718-sonntag-03-juni-2018\/\" target=\"_blank\" rel=\"noopener noreferrer\">zum Bericht<\/a><\/td>\n<\/tr>\n<tr>\n<td>29. Runde<\/td>\n<td>09.06.<\/td>\n<td><strong> OSK K\u00f6tschach-M. <\/strong><\/td>\n<td>&#8211;<\/td>\n<td>SV Penk<\/td>\n<td>1:3<\/td>\n<td>&#8230; <a href=\"http:\/\/osk.koemau.at\/fussball\/2018\/06\/11\/29-runde-201718-samstag-09-juni-2018\/\" target=\"_blank\" rel=\"noopener noreferrer\">zum Bericht<\/a><\/td>\n<\/tr>\n<tr>\n<td>30. Runde<\/td>\n<td>15.06.<\/td>\n<td>SV Lienz<\/td>\n<td>&#8211;<\/td>\n<td><strong>OSK K\u00f6tschach-M. <\/strong><\/td>\n<td>5:1<\/td>\n<td>&#8230; <a href=\"http:\/\/osk.koemau.at\/fussball\/2018\/06\/19\/30-runde-201718-freitag-15-juni-2018\/\" target=\"_blank\" rel=\"noopener noreferrer\">zum Bericht<\/a><\/td>\n<\/tr>\n<\/tbody>\n<\/table>\n<\/div>\n<p>&#8230; <a href=\"http:\/\/osk.koemau.at\/fussball\/spielplan-spielberichte-saison-2016-17\/\">hier geht&#8217;s zu den Spielberichten der Saison 2016\/17<\/a><\/p>\n","protected":false},"excerpt":{"rendered":"<p>1. Runde 29.07. SV Greifenburg &#8211; OSK K\u00f6tschach-M. 2:1 &#8230; zum Bericht 2. Runde 05.08. OSK K\u00f6tschach-M. &#8211; ATUS N\u00f6tsch 1:5 &#8230; zum Bericht 3. Runde 12.08. FC F\u00fcrnitz &#8211; OSK K\u00f6tschach-M. 3:1 &#8230; zum Bericht 4. Runde 19.08. OSK K\u00f6tschach-M. &#8211; SV Dellach\/Gail 0:6 &#8230; zum Bericht 5. Runde 26.08. ASK\u00d6 Dellach\/Drau &#8211; OSK [&hellip;]<\/p>\n","protected":false},"author":1,"featured_media":0,"parent":0,"menu_order":0,"comment_status":"closed","ping_status":"closed","template":"","meta":{"footnotes":""},"_links":{"self":[{"href":"https:\/\/osk.koemau.at\/fussball\/wp-json\/wp\/v2\/pages\/5147"}],"collection":[{"href":"https:\/\/osk.koemau.at\/fussball\/wp-json\/wp\/v2\/pages"}],"about":[{"href":"https:\/\/osk.koemau.at\/fussball\/wp-json\/wp\/v2\/types\/page"}],"author":[{"embeddable":true,"href":"https:\/\/osk.koemau.at\/fussball\/wp-json\/wp\/v2\/users\/1"}],"replies":[{"embeddable":true,"href":"https:\/\/osk.koemau.at\/fussball\/wp-json\/wp\/v2\/comments?post=5147"}],"version-history":[{"count":3,"href":"https:\/\/osk.koemau.at\/fussball\/wp-json\/wp\/v2\/pages\/5147\/revisions"}],"predecessor-version":[{"id":5341,"href":"https:\/\/osk.koemau.at\/fussball\/wp-json\/wp\/v2\/pages\/5147\/revisions\/5341"}],"wp:attachment":[{"href":"https:\/\/osk.koemau.at\/fussball\/wp-json\/wp\/v2\/media?parent=5147"}],"curies":[{"name":"wp","href":"https:\/\/api.w.org\/{rel}","templated":true}]}}