{"id":5339,"date":"2019-09-02T10:49:15","date_gmt":"2019-09-02T08:49:15","guid":{"rendered":"http:\/\/osk.koemau.at\/fussball\/?page_id=5339"},"modified":"2019-09-02T13:37:59","modified_gmt":"2019-09-02T11:37:59","slug":"spielplan-spielberichte-saison-2016-17","status":"publish","type":"page","link":"https:\/\/osk.koemau.at\/fussball\/spielplan-spielberichte-saison-2016-17\/","title":{"rendered":"Spielplan &#038; Spielberichte Saison 2016\/17"},"content":{"rendered":"<table border=\"0\">\n<tbody>\n<tr>\n<td>1. Runde<\/td>\n<td>30.07.<\/td>\n<td><strong> OSK K\u00f6tschach-M. <\/strong><\/td>\n<td>&#8211;<\/td>\n<td>SU Oberlienz<\/td>\n<td>0:1<\/td>\n<td>&#8230; <a href=\"http:\/\/osk.koemau.at\/fussball\/2016\/08\/01\/1-runde-201617-samstag-30-juli-2016\/\" target=\"_blank\" rel=\"noopener noreferrer\">zum Bericht<\/a><\/td>\n<\/tr>\n<tr>\n<td>2. Runde<\/td>\n<td>06.08.<\/td>\n<td>FC D\u00f6lsach<\/td>\n<td>&#8211;<\/td>\n<td><strong>OSK K\u00f6tschach-M. <\/strong><\/td>\n<td>2:1<\/td>\n<td>&#8230; <a href=\"http:\/\/osk.koemau.at\/fussball\/2016\/08\/08\/2-runde-201617-samstag-06-august-2016\/\" target=\"_blank\" rel=\"noopener noreferrer\">zum Bericht<\/a><\/td>\n<\/tr>\n<tr>\n<td>3. Runde<\/td>\n<td>13.08.<\/td>\n<td><strong> OSK K\u00f6tschach-M. <\/strong><\/td>\n<td>&#8211;<\/td>\n<td>FC Sillian<\/td>\n<td>2:1<\/td>\n<td>&#8230; <a href=\"http:\/\/osk.koemau.at\/fussball\/2016\/08\/15\/3-runde-201617-samstag-13-august-2016\/\" target=\"_blank\" rel=\"noopener noreferrer\">zum Bericht<\/a><\/td>\n<\/tr>\n<tr>\n<td>4. Runde<\/td>\n<td>20.08.<\/td>\n<td>TSU Nikolsdorf<\/td>\n<td>&#8211;<\/td>\n<td><strong>OSK K\u00f6tschach-M. <\/strong><\/td>\n<td>2:6<\/td>\n<td>&#8230; <a href=\"http:\/\/osk.koemau.at\/fussball\/2016\/08\/22\/4-runde-201617-sonntag-21-august-2016\/\" target=\"_blank\" rel=\"noopener noreferrer\">zum Bericht<\/a><\/td>\n<\/tr>\n<tr>\n<td>5. Runde<\/td>\n<td>27.08.<\/td>\n<td><strong> OSK K\u00f6tschach-M. <\/strong><\/td>\n<td>&#8211;<\/td>\n<td>SV Tristach<\/td>\n<td>3:1<\/td>\n<td>&#8230; <a href=\"http:\/\/osk.koemau.at\/fussball\/2016\/08\/29\/5-runde-201617-samstag-27-august-2016\/\" target=\"_blank\" rel=\"noopener noreferrer\">zum Bericht<\/a><\/td>\n<\/tr>\n<tr>\n<td>6. Runde<\/td>\n<td>03.09.<\/td>\n<td>SG St. Jakob\/Def.<\/td>\n<td>&#8211;<\/td>\n<td><strong>OSK K\u00f6tschach-M. <\/strong><\/td>\n<td>1:2<\/td>\n<td>&#8230; <a href=\"http:\/\/osk.koemau.at\/fussball\/2016\/09\/05\/6-runde-201617-samstag-03-september-2016\/\" target=\"_blank\" rel=\"noopener noreferrer\">zum Bericht<\/a><\/td>\n<\/tr>\n<tr>\n<td>7. Runde<\/td>\n<td>10.09.<\/td>\n<td><strong> OSK K\u00f6tschach-M. <\/strong><\/td>\n<td>&#8211;<\/td>\n<td>SV Malta<\/td>\n<td>1:3<\/td>\n<td>&#8230; <a href=\"http:\/\/osk.koemau.at\/fussball\/2016\/09\/12\/7-runde-201617-samstag-10-september-2016\/\" target=\"_blank\" rel=\"noopener noreferrer\">zum Bericht<\/a><\/td>\n<\/tr>\n<tr>\n<td>8. Runde<\/td>\n<td>17.09.<\/td>\n<td>SK Kirchbach<\/td>\n<td>&#8211;<\/td>\n<td><strong>OSK K\u00f6tschach-M. <\/strong><\/td>\n<td>0:1<\/td>\n<td>&#8230; <a href=\"http:\/\/osk.koemau.at\/fussball\/2016\/09\/19\/8-runde-201617-samstag-17-september-2016\/\" target=\"_blank\" rel=\"noopener noreferrer\">zum Bericht<\/a><\/td>\n<\/tr>\n<tr>\n<td>9. Runde<\/td>\n<td>24.09.<\/td>\n<td><strong> OSK K\u00f6tschach-M. <\/strong><\/td>\n<td>&#8211;<\/td>\n<td>TSU Virgen<\/td>\n<td>3:1<\/td>\n<td>&#8230; <a href=\"http:\/\/osk.koemau.at\/fussball\/2016\/09\/26\/9-runde-201617-samstag-24-september-2016\/\" target=\"_blank\" rel=\"noopener noreferrer\">zum Bericht<\/a><\/td>\n<\/tr>\n<tr>\n<td>10. Runde<\/td>\n<td>01.10.<\/td>\n<td>TSU Matrei 1b<\/td>\n<td>&#8211;<\/td>\n<td><strong>OSK K\u00f6tschach-M. <\/strong><\/td>\n<td>2:2<\/td>\n<td>&#8230; <a href=\"http:\/\/osk.koemau.at\/fussball\/2016\/10\/03\/10-runde-201617-samstag-01-oktober-2016\/\" target=\"_blank\" rel=\"noopener noreferrer\">zum Bericht<\/a><\/td>\n<\/tr>\n<tr>\n<td>11. Runde<\/td>\n<td>08.10.<\/td>\n<td><strong> OSK K\u00f6tschach-M. <\/strong><\/td>\n<td>&#8211;<\/td>\n<td>SV Penk<\/td>\n<td>2:3<\/td>\n<td>&#8230; <a href=\"http:\/\/osk.koemau.at\/fussball\/2016\/10\/10\/11-runde-201617-samstag-08-oktober-2016\/\" target=\"_blank\" rel=\"noopener noreferrer\">zum Bericht<\/a><\/td>\n<\/tr>\n<tr>\n<td>12. Runde<\/td>\n<td>16.10.<\/td>\n<td><strong> OSK K\u00f6tschach-M. <\/strong><\/td>\n<td>&#8211;<\/td>\n<td>ASK\u00d6 Gm\u00fcnd 1b<\/td>\n<td>6:1<\/td>\n<td>&#8230; <a href=\"http:\/\/osk.koemau.at\/fussball\/2016\/10\/17\/12-runde-201617-sonntag-16-oktober-2016\/\" target=\"_blank\" rel=\"noopener noreferrer\">zum Bericht<\/a><\/td>\n<\/tr>\n<tr>\n<td>13. Runde<\/td>\n<td>23.10.<\/td>\n<td>ASK\u00d6 Irschen<\/td>\n<td>&#8211;<\/td>\n<td><strong>OSK K\u00f6tschach-M. <\/strong><\/td>\n<td>2:3<\/td>\n<td>&#8230; <a href=\"http:\/\/osk.koemau.at\/fussball\/2016\/10\/24\/13-runde-201617-sonntag-23-oktober-2016\/\" target=\"_blank\" rel=\"noopener noreferrer\">zum Bericht<\/a><\/td>\n<\/tr>\n<tr>\n<td>14. Runde<\/td>\n<td>26.10.<\/td>\n<td><strong> OSK K\u00f6tschach-M. <\/strong><\/td>\n<td>&#8211;<\/td>\n<td>URC Thal\/Assling<\/td>\n<td>0:0<\/td>\n<td>&#8230; <a href=\"http:\/\/osk.koemau.at\/fussball\/2016\/10\/27\/14-runde-201617-mittwoch-26-oktober-2016\/\" target=\"_blank\" rel=\"noopener noreferrer\">zum Bericht<\/a><\/td>\n<\/tr>\n<tr>\n<td>15. Runde<\/td>\n<td>29.10.<\/td>\n<td>FC Hermagor<\/td>\n<td>&#8211;<\/td>\n<td><strong>OSK K\u00f6tschach-M. <\/strong><\/td>\n<td>2:1<\/td>\n<td>&#8230; <a href=\"http:\/\/osk.koemau.at\/fussball\/2016\/10\/31\/15-runde-201617-samstag-29-oktober-2016\/\" target=\"_blank\" rel=\"noopener noreferrer\">zum Bericht<\/a><\/td>\n<\/tr>\n<tr>\n<td>16. Runde<\/td>\n<td>05.11.<\/td>\n<td>SU Oberlienz<\/td>\n<td>&#8211;<\/td>\n<td><strong>OSK K\u00f6tschach-M. <\/strong><\/td>\n<td>0:3<\/td>\n<td>&#8230; <a href=\"http:\/\/osk.koemau.at\/fussball\/2016\/11\/07\/16-runde-201617-samstag-05-november-2016\/\" target=\"_blank\" rel=\"noopener noreferrer\">zum Bericht<\/a><\/td>\n<\/tr>\n<tr>\n<td>17. Runde<\/td>\n<td>25.03.<\/td>\n<td><strong> OSK K\u00f6tschach-M. <\/strong><\/td>\n<td>&#8211;<\/td>\n<td>FC D\u00f6lsach<\/td>\n<td>3:0<\/td>\n<td>&#8230; <a href=\"http:\/\/osk.koemau.at\/fussball\/2017\/03\/27\/17-runde-2016-17-samstag-25-maerz-2017\/\" target=\"_blank\" rel=\"noopener noreferrer\">zum Bericht<\/a><\/td>\n<\/tr>\n<tr>\n<td>18. Runde<\/td>\n<td>01.04.<\/td>\n<td>FC Sillian<\/td>\n<td>&#8211;<\/td>\n<td><strong>OSK K\u00f6tschach-M. <\/strong><\/td>\n<td>5:1<\/td>\n<td>&#8230; <a href=\"http:\/\/osk.koemau.at\/fussball\/2017\/04\/03\/18-runde-201617-samstag-01-april-2017\/\" target=\"_blank\" rel=\"noopener noreferrer\">zum Bericht<\/a><\/td>\n<\/tr>\n<tr>\n<td>19. Runde<\/td>\n<td>08.04.<\/td>\n<td><strong> OSK K\u00f6tschach-M. <\/strong><\/td>\n<td>&#8211;<\/td>\n<td>TSU Nikolsdorf<\/td>\n<td>3:1<\/td>\n<td>&#8230; <a href=\"http:\/\/osk.koemau.at\/fussball\/2017\/04\/10\/19-runde-201617-samstag-08-april-2017\/\" target=\"_blank\" rel=\"noopener noreferrer\">zum Bericht<\/a><\/td>\n<\/tr>\n<tr>\n<td>20. Runde<\/td>\n<td>16.04.<\/td>\n<td>SV Tristach<\/td>\n<td>&#8211;<\/td>\n<td><strong>OSK K\u00f6tschach-M. <\/strong><\/td>\n<td>0:0<\/td>\n<td>&#8230; <a href=\"http:\/\/osk.koemau.at\/fussball\/2017\/04\/18\/20-runde-201617-sonntag-16-april-2017\/\" target=\"_blank\" rel=\"noopener noreferrer\">zum Bericht<\/a><\/td>\n<\/tr>\n<tr>\n<td>21. Runde<\/td>\n<td>23.04.<\/td>\n<td><strong> OSK K\u00f6tschach-M. <\/strong><\/td>\n<td>&#8211;<\/td>\n<td>SG St. Jakob\/Def.<\/td>\n<td>5:1<\/td>\n<td>&#8230; <a href=\"http:\/\/osk.koemau.at\/fussball\/2017\/04\/24\/21-runde-201617-sonntag-23-april-2017\/\" target=\"_blank\" rel=\"noopener noreferrer\">zum Bericht<\/a><\/td>\n<\/tr>\n<tr>\n<td>22. Runde<\/td>\n<td>29.04.<\/td>\n<td>SV Malta<\/td>\n<td>&#8211;<\/td>\n<td><strong>OSK K\u00f6tschach-M. <\/strong><\/td>\n<td>1:4<\/td>\n<td>&#8230; <a href=\"http:\/\/osk.koemau.at\/fussball\/2017\/05\/01\/22-runde-201617-samstag-29-april-2017\/\" target=\"_blank\" rel=\"noopener noreferrer\">zum Bericht<\/a><\/td>\n<\/tr>\n<tr>\n<td>23. Runde<\/td>\n<td>06.05.<\/td>\n<td><strong> OSK K\u00f6tschach-M. <\/strong><\/td>\n<td>&#8211;<\/td>\n<td>SK Kirchbach<\/td>\n<td>3:0<\/td>\n<td>&#8230; <a href=\"http:\/\/osk.koemau.at\/fussball\/2017\/05\/08\/23-runde-201617-samstag-06-mai-2017\/\" target=\"_blank\" rel=\"noopener noreferrer\">zum Bericht<\/a><\/td>\n<\/tr>\n<tr>\n<td>24. Runde<\/td>\n<td>14.05.<\/td>\n<td>TSU Virgen<\/td>\n<td>&#8211;<\/td>\n<td><strong>OSK K\u00f6tschach-M. <\/strong><\/td>\n<td>0:6<\/td>\n<td>&#8230; <a href=\"http:\/\/osk.koemau.at\/fussball\/2017\/05\/15\/24-runde-201617-sonntag-14-mai-2017\/\" target=\"_blank\" rel=\"noopener noreferrer\">zum Bericht<\/a><\/td>\n<\/tr>\n<tr>\n<td>25. Runde<\/td>\n<td>20.05.<\/td>\n<td><strong> OSK K\u00f6tschach-M. <\/strong><\/td>\n<td>&#8211;<\/td>\n<td>TSU Matrei 1b<\/td>\n<td>4:0<\/td>\n<td>&#8230; <a href=\"http:\/\/osk.koemau.at\/fussball\/2017\/05\/22\/25-runde-201617-samstag-20-mai-2017\/\" target=\"_blank\" rel=\"noopener noreferrer\">zum Bericht<\/a><\/td>\n<\/tr>\n<tr>\n<td>26. Runde<\/td>\n<td>25.05.<\/td>\n<td>SV Penk<\/td>\n<td>&#8211;<\/td>\n<td><strong>OSK K\u00f6tschach-M. <\/strong><\/td>\n<td>1:3<\/td>\n<td>&#8230; <a href=\"http:\/\/osk.koemau.at\/fussball\/2017\/05\/26\/26-runde-201617-donnerstag-25-mai-2017\/\" target=\"_blank\" rel=\"noopener noreferrer\">zum Bericht<\/a><\/td>\n<\/tr>\n<tr>\n<td>27. Runde<\/td>\n<td>27.05.<\/td>\n<td>ASK\u00d6 Gm\u00fcnd 1b<\/td>\n<td>&#8211;<\/td>\n<td><strong>OSK K\u00f6tschach-M. <\/strong><\/td>\n<td>1:5<\/td>\n<td>&#8230; <a href=\"http:\/\/osk.koemau.at\/fussball\/2017\/05\/29\/27-runde-201617-samstag-27-mai-2017\/\" target=\"_blank\" rel=\"noopener noreferrer\">zum Bericht<\/a><\/td>\n<\/tr>\n<tr>\n<td>28. Runde<\/td>\n<td>03.06.<\/td>\n<td><strong> OSK K\u00f6tschach-M. <\/strong><\/td>\n<td>&#8211;<\/td>\n<td>ASK\u00d6 Irschen<\/td>\n<td>3:1<\/td>\n<td>&#8230; <a href=\"http:\/\/osk.koemau.at\/fussball\/2017\/06\/05\/28-runde-201617-samstag-03-juni-2017\/\" target=\"_blank\" rel=\"noopener noreferrer\">zum Bericht<\/a><\/td>\n<\/tr>\n<tr>\n<td>29. Runde<\/td>\n<td>10.06.<\/td>\n<td>URC Thal\/Assling<\/td>\n<td>&#8211;<\/td>\n<td><strong>OSK K\u00f6tschach-M. <\/strong><\/td>\n<td>2:2<\/td>\n<td>&#8230; <a href=\"http:\/\/osk.koemau.at\/fussball\/2017\/06\/12\/29-runde-201617-samstag-10-juni-2017\/\" target=\"_blank\" rel=\"noopener noreferrer\">zum Bericht<\/a><\/td>\n<\/tr>\n<tr>\n<td>30. Runde<\/td>\n<td>17.06.<\/td>\n<td><strong> OSK K\u00f6tschach-M. <\/strong><\/td>\n<td>&#8211;<\/td>\n<td>FC Hermagor<\/td>\n<td>1:0<\/td>\n<td>&#8230; <a href=\"http:\/\/osk.koemau.at\/fussball\/2017\/06\/19\/30-runde-201617-samstag-17-juni-2017\/\" target=\"_blank\" rel=\"noopener noreferrer\">zum Bericht<\/a><\/td>\n<\/tr>\n<\/tbody>\n<\/table>\n<p>&#8230; <a href=\"http:\/\/osk.koemau.at\/fussball\/spielplan-spielberichte-saison-2015-16\/\">hier geht&#8217;s zu den Spielberichten der Saison 2015\/16<\/a><\/p>\n","protected":false},"excerpt":{"rendered":"<p>1. Runde 30.07. OSK K\u00f6tschach-M. &#8211; SU Oberlienz 0:1 &#8230; zum Bericht 2. Runde 06.08. FC D\u00f6lsach &#8211; OSK K\u00f6tschach-M. 2:1 &#8230; zum Bericht 3. Runde 13.08. OSK K\u00f6tschach-M. &#8211; FC Sillian 2:1 &#8230; zum Bericht 4. Runde 20.08. TSU Nikolsdorf &#8211; OSK K\u00f6tschach-M. 2:6 &#8230; zum Bericht 5. Runde 27.08. OSK K\u00f6tschach-M. &#8211; SV [&hellip;]<\/p>\n","protected":false},"author":1,"featured_media":0,"parent":0,"menu_order":0,"comment_status":"closed","ping_status":"closed","template":"","meta":{"footnotes":""},"_links":{"self":[{"href":"https:\/\/osk.koemau.at\/fussball\/wp-json\/wp\/v2\/pages\/5339"}],"collection":[{"href":"https:\/\/osk.koemau.at\/fussball\/wp-json\/wp\/v2\/pages"}],"about":[{"href":"https:\/\/osk.koemau.at\/fussball\/wp-json\/wp\/v2\/types\/page"}],"author":[{"embeddable":true,"href":"https:\/\/osk.koemau.at\/fussball\/wp-json\/wp\/v2\/users\/1"}],"replies":[{"embeddable":true,"href":"https:\/\/osk.koemau.at\/fussball\/wp-json\/wp\/v2\/comments?post=5339"}],"version-history":[{"count":2,"href":"https:\/\/osk.koemau.at\/fussball\/wp-json\/wp\/v2\/pages\/5339\/revisions"}],"predecessor-version":[{"id":5417,"href":"https:\/\/osk.koemau.at\/fussball\/wp-json\/wp\/v2\/pages\/5339\/revisions\/5417"}],"wp:attachment":[{"href":"https:\/\/osk.koemau.at\/fussball\/wp-json\/wp\/v2\/media?parent=5339"}],"curies":[{"name":"wp","href":"https:\/\/api.w.org\/{rel}","templated":true}]}}