{"id":5477,"date":"2019-09-02T19:28:28","date_gmt":"2019-09-02T17:28:28","guid":{"rendered":"http:\/\/osk.koemau.at\/fussball\/?page_id=5477"},"modified":"2019-09-02T19:28:28","modified_gmt":"2019-09-02T17:28:28","slug":"spielplan-spielberichte-saison-2014-15","status":"publish","type":"page","link":"https:\/\/osk.koemau.at\/fussball\/spielplan-spielberichte-saison-2014-15\/","title":{"rendered":"Spielplan &#038; Spielberichte Saison 2014\/15"},"content":{"rendered":"<table border=\"0\">\n<tbody>\n<tr>\n<td colspan=\"7\">Spielplan und Spielberichte Herbst (1. Klasse A2):<\/td>\n<\/tr>\n<tr>\n<td>1. Runde<\/td>\n<td>26.07.<\/td>\n<td><strong>OSK K\u00f6tschach-M.<\/strong><\/td>\n<td>&#8211;<\/td>\n<td>SK Grafendorf<\/td>\n<td>2:1<\/td>\n<td>&#8230; <a href=\"http:\/\/osk.koemau.at\/fussball\/2014\/07\/27\/1-runde-201415-samstag-26-juli-2014\/\">zum Bericht<\/a><\/td>\n<\/tr>\n<tr>\n<td>2. Runde<\/td>\n<td>02.08.<\/td>\n<td>SV Egg<\/td>\n<td>&#8211;<\/td>\n<td><strong>OSK K\u00f6tschach-M.<\/strong><\/td>\n<td>2:0<\/td>\n<td>&#8230; <a href=\"http:\/\/osk.koemau.at\/fussball\/2014\/08\/04\/2-runde-201415-samstag-02-august-2014\/\">zum Bericht <\/a><\/td>\n<\/tr>\n<tr>\n<td>3. Runde<\/td>\n<td>09.08.<\/td>\n<td><strong>OSK K\u00f6tschach-M.<\/strong><\/td>\n<td>&#8211;<\/td>\n<td>SV Obermillstatt<\/td>\n<td>1:3<\/td>\n<td>&#8230; <a href=\"http:\/\/osk.koemau.at\/fussball\/2014\/08\/10\/3-runde-201415-samstag-09-august-2014\/\">zum Bericht<\/a><\/td>\n<\/tr>\n<tr>\n<td>4. Runde<\/td>\n<td>16.08.<\/td>\n<td>SPG Nikolsd.\/Obbg.<\/td>\n<td>&#8211;<\/td>\n<td><strong>OSK K\u00f6tschach-M.<\/strong><\/td>\n<td>4:4<\/td>\n<td>&#8230; <a href=\"http:\/\/osk.koemau.at\/fussball\/2014\/08\/18\/4-runde-201415-samstag-16-august-2014\/\">zum Bericht<\/a><\/td>\n<\/tr>\n<tr>\n<td>5. Runde<\/td>\n<td>23.08.<\/td>\n<td><strong>OSK K\u00f6tschach-M.<\/strong><\/td>\n<td>&#8211;<\/td>\n<td>SK Kirchbach<\/td>\n<td>0:0<\/td>\n<td>&#8230; <a href=\"http:\/\/osk.koemau.at\/fussball\/2014\/08\/25\/5-runde-201415-samstag-23-august-2014\/\">zum Bericht <\/a><\/td>\n<\/tr>\n<tr>\n<td>6. Runde<\/td>\n<td>31.09.<\/td>\n<td>SV Dellach\/Drau<\/td>\n<td>&#8211;<\/td>\n<td><strong>OSK K\u00f6tschach-M.<\/strong><\/td>\n<td>1:2<\/td>\n<td>&#8230; <a href=\"http:\/\/osk.koemau.at\/fussball\/2014\/09\/01\/6-runde-201415-sonntag-31-august-2014\/\">zum Bericht<\/a><\/td>\n<\/tr>\n<tr>\n<td>7. Runde<\/td>\n<td>06.09.<\/td>\n<td><strong>OSK K\u00f6tschach-M.<\/strong><\/td>\n<td>&#8211;<\/td>\n<td>SV Irschen<\/td>\n<td>1:1<\/td>\n<td>&#8230; <a href=\"http:\/\/osk.koemau.at\/fussball\/2014\/09\/08\/7-runde-201415-samstag-06-september-2014\/\">zum Bericht<\/a><\/td>\n<\/tr>\n<tr>\n<td>8. Runde<\/td>\n<td>14.09.<\/td>\n<td>SK Grafendorf<\/td>\n<td>&#8211;<\/td>\n<td><strong>OSK K\u00f6tschach-M.<\/strong><\/td>\n<td>1:6<\/td>\n<td>&#8230; <a href=\"http:\/\/osk.koemau.at\/fussball\/2014\/09\/15\/8-runde-201415-sonntag-14-september-2014\/\">zum Bericht<\/a><\/td>\n<\/tr>\n<tr>\n<td>9. Runde<\/td>\n<td>21.09.<\/td>\n<td><strong>OSK K\u00f6tschach-M.<\/strong><\/td>\n<td>&#8211;<\/td>\n<td>SV Egg<\/td>\n<td>3:2<\/td>\n<td>&#8230; <a href=\"http:\/\/osk.koemau.at\/fussball\/2014\/09\/21\/9-runde-201415-sonntag-21-september-2014\/\">zum Bericht<\/a><\/td>\n<\/tr>\n<tr>\n<td>10. Runde<\/td>\n<td>28.09.<\/td>\n<td>SV Obermillstatt<\/td>\n<td>&#8211;<\/td>\n<td><strong>OSK K\u00f6tschach-M.<\/strong><\/td>\n<td>1:2<\/td>\n<td>&#8230; <a href=\"http:\/\/osk.koemau.at\/fussball\/2014\/09\/29\/10-runde-201415-samstag-27-september-2014\/\">zum Bericht<\/a><\/td>\n<\/tr>\n<tr>\n<td>11. Runde<\/td>\n<td>05.10.<\/td>\n<td><strong>OSK K\u00f6tschach-M.<\/strong><\/td>\n<td>&#8211;<\/td>\n<td>SPG Nikolsd.\/Obbg.<\/td>\n<td>2:2<\/td>\n<td>&#8230; <a href=\"http:\/\/osk.koemau.at\/fussball\/2014\/10\/06\/11-runde-201415-sonntag-05-oktober-2014\/\">zum Bericht<\/a><\/td>\n<\/tr>\n<tr>\n<td>12. Runde<\/td>\n<td>11.10<\/td>\n<td>SK Kirchbach<strong><br \/>\n<\/strong><\/td>\n<td>&#8211;<\/td>\n<td><strong>OSK K\u00f6tschach-M.<\/strong><\/td>\n<td>3:1<\/td>\n<td>&#8230; <a href=\"http:\/\/osk.koemau.at\/fussball\/2014\/10\/13\/12-runde-201415-samstag-11-oktober-2014\/\">zum Bericht<\/a><\/td>\n<\/tr>\n<tr>\n<td>13. Runde<\/td>\n<td>18.10.<\/td>\n<td><strong>OSK K\u00f6tschach-M.<\/strong><\/td>\n<td>&#8211;<\/td>\n<td>SV Dellach\/Drau<\/td>\n<td>0:1<\/td>\n<td>&#8230; <a href=\"http:\/\/osk.koemau.at\/fussball\/2014\/10\/20\/13-runde-201415-samstag-18-oktober-2014\/\">zum Bericht<\/a><\/td>\n<\/tr>\n<tr>\n<td>14. Runde<\/td>\n<td>26.10.<\/td>\n<td>SV Irschen<strong><br \/>\n<\/strong><\/td>\n<td>&#8211;<\/td>\n<td><strong>OSK K\u00f6tschach-M.<\/strong><\/td>\n<td>0:3<\/td>\n<td>&#8230; <a href=\"http:\/\/osk.koemau.at\/fussball\/2014\/10\/27\/14-runde-201415-sonntag-26-oktober-2014\/\">zum Berich<\/a>t<\/td>\n<\/tr>\n<\/tbody>\n<\/table>\n<table border=\"0\">\n<tbody>\n<tr>\n<td colspan=\"7\">Spielplan und Spielberichte Fr\u00fchjahr (1. Klasse &#8211; Oberes Play Off):<\/td>\n<\/tr>\n<tr>\n<td>1. Runde<\/td>\n<td>28.03.<\/td>\n<td>SK Kirchbach<\/td>\n<td>&#8211;<\/td>\n<td><strong>OSK K\u00f6tschach-M. <\/strong><\/td>\n<td>2:1<\/td>\n<td>&#8230; <a href=\"http:\/\/osk.koemau.at\/fussball\/2015\/03\/30\/1-runde-opo-201415-samstag-28-maerz-2015\/\" target=\"_blank\" rel=\"noopener noreferrer\">zum Bericht <\/a><\/td>\n<\/tr>\n<tr>\n<td>2. Runde<\/td>\n<td>04.04.<\/td>\n<td><strong>OSK K\u00f6tschach-M.<\/strong><\/td>\n<td>&#8211;<\/td>\n<td>SV Tristach<\/td>\n<td>2:1<\/td>\n<td>&#8230; <a href=\"http:\/\/osk.koemau.at\/fussball\/2015\/04\/07\/2-runde-opo-201415-samstag-04-april-2015\/\" target=\"_blank\" rel=\"noopener noreferrer\">zum Bericht<\/a><\/td>\n<\/tr>\n<tr>\n<td>3. Runde<\/td>\n<td>11.04.<\/td>\n<td>FC Sillan\/Heinfels<\/td>\n<td>&#8211;<\/td>\n<td><strong>OSK K\u00f6tschach-M.<\/strong><\/td>\n<td>2:0<\/td>\n<td>&#8230; <a href=\"http:\/\/osk.koemau.at\/fussball\/2015\/04\/13\/3-runde-opo-201415-samstag-11-april-2015\/\" target=\"_blank\" rel=\"noopener noreferrer\">zum Bericht<\/a><\/td>\n<\/tr>\n<tr>\n<td>4. Runde<\/td>\n<td>18.04.<\/td>\n<td><strong> OSK K\u00f6tschach-M.<\/strong><\/td>\n<td>&#8211;<\/td>\n<td>SV Dellach\/Drau<\/td>\n<td>0:0<\/td>\n<td>&#8230; <a href=\"http:\/\/osk.koemau.at\/fussball\/2015\/04\/20\/4-runde-opo-201415-samstag-18-april-2015\/\" target=\"_blank\" rel=\"noopener noreferrer\">zum Bericht<\/a><\/td>\n<\/tr>\n<tr>\n<td>5. Runde<\/td>\n<td>26.04.<\/td>\n<td>TSU Virgen<\/td>\n<td>&#8211;<\/td>\n<td><strong>OSK K\u00f6tschach-M.<\/strong><\/td>\n<td>2:2<\/td>\n<td>&#8230; <a href=\"http:\/\/osk.koemau.at\/fussball\/2015\/04\/27\/5-runde-opo-201415-sonntag-26-april-2015\/\" target=\"_blank\" rel=\"noopener noreferrer\">zum Bericht<\/a><\/td>\n<\/tr>\n<tr>\n<td>6. Runde<\/td>\n<td>01.05.<\/td>\n<td><strong> OSK K\u00f6tschach-M.<\/strong><\/td>\n<td>&#8211;<\/td>\n<td>URC Thal\/Assling<\/td>\n<td>1:4<\/td>\n<td>&#8230; <a href=\"http:\/\/osk.koemau.at\/fussball\/2015\/05\/03\/6-runde-opo-201415-freitag-01-mai-2015\/\" target=\"_blank\" rel=\"noopener noreferrer\">zum Bericht<\/a><\/td>\n<\/tr>\n<tr>\n<td>7. Runde<\/td>\n<td>03.05.<\/td>\n<td>SV Irschen<\/td>\n<td>&#8211;<\/td>\n<td><strong>OSK K\u00f6tschach-M.<\/strong><\/td>\n<td>2:2<\/td>\n<td>&#8230; <a href=\"http:\/\/osk.koemau.at\/fussball\/2015\/05\/04\/7-runde-opo-201415-sonntag-03-mai-2015\/\" target=\"_blank\" rel=\"noopener noreferrer\">zum Bericht<\/a><\/td>\n<\/tr>\n<tr>\n<td>8. Runde<\/td>\n<td>09.05.<\/td>\n<td><strong> OSK K\u00f6tschach-M.<\/strong><\/td>\n<td>&#8211;<\/td>\n<td>SK Kirchbach<\/td>\n<td>2:4<\/td>\n<td>&#8230; <a href=\"http:\/\/osk.koemau.at\/fussball\/2015\/05\/11\/8-runde-opo-201415-samstag-09-mai-2015\/\" target=\"_blank\" rel=\"noopener noreferrer\">zum Bericht<\/a><\/td>\n<\/tr>\n<tr>\n<td>9. Runde<\/td>\n<td>14.05.<\/td>\n<td>SV Tristach<\/td>\n<td>&#8211;<\/td>\n<td><strong>OSK K\u00f6tschach-M.<\/strong><\/td>\n<td>2:1<\/td>\n<td>&#8230; <a href=\"http:\/\/osk.koemau.at\/fussball\/2015\/05\/16\/9-runde-opo-201415-donnerstag-14-mai-2015\/\" target=\"_blank\" rel=\"noopener noreferrer\">zum Bericht<\/a><\/td>\n<\/tr>\n<tr>\n<td>10. Runde<\/td>\n<td>16.05.<\/td>\n<td><strong> OSK K\u00f6tschach-M.<\/strong><\/td>\n<td>&#8211;<\/td>\n<td>FC Sillan\/Heinfels<\/td>\n<td>1:2<\/td>\n<td>&#8230; <a href=\"http:\/\/osk.koemau.at\/fussball\/2015\/05\/18\/10-runde-opo-201415-samstag-16-mai-2015\/\" target=\"_blank\" rel=\"noopener noreferrer\">zum Bericht<\/a><\/td>\n<\/tr>\n<tr>\n<td>11. Runde<\/td>\n<td>23.05.<\/td>\n<td>SV Dellach\/Drau<\/td>\n<td>&#8211;<\/td>\n<td><strong>OSK K\u00f6tschach-M.<\/strong><\/td>\n<td>6:2<\/td>\n<td>&#8230; <a href=\"http:\/\/osk.koemau.at\/fussball\/2015\/05\/26\/11-runde-opo-201415-samstag-23-mai-2015\/\" target=\"_blank\" rel=\"noopener noreferrer\">zum Bericht<\/a><\/td>\n<\/tr>\n<tr>\n<td>12. Runde<\/td>\n<td>30.05.<\/td>\n<td><strong> OSK K\u00f6tschach-M.<\/strong><\/td>\n<td>&#8211;<\/td>\n<td>TSU Virgen<\/td>\n<td>3:4<\/td>\n<td>&#8230; <a href=\"http:\/\/osk.koemau.at\/fussball\/2015\/06\/01\/12-runde-opo-201415-samstag-30-mai-2015\/\" target=\"_blank\" rel=\"noopener noreferrer\">zum Bericht<\/a><\/td>\n<\/tr>\n<tr>\n<td>13. Runde<\/td>\n<td>06.06.<\/td>\n<td>URC Thal\/Assling<\/td>\n<td>&#8211;<\/td>\n<td><strong>OSK K\u00f6tschach-M.<\/strong><\/td>\n<td>2:2<\/td>\n<td>&#8230; <a href=\"http:\/\/osk.koemau.at\/fussball\/2015\/06\/06\/13-runde-opo-201415-samstag-06-juni-2015\/\" target=\"_blank\" rel=\"noopener noreferrer\">zum Bericht<\/a><\/td>\n<\/tr>\n<tr>\n<td>14. Runde<\/td>\n<td>13.06.<\/td>\n<td><strong> OSK K\u00f6tschach-M.<\/strong><\/td>\n<td>&#8211;<\/td>\n<td>SV Irschen<\/td>\n<td>0:0<\/td>\n<td>&#8230; <a href=\"http:\/\/osk.koemau.at\/fussball\/2015\/06\/15\/14-runde-opo-201415-samstag-13-juni-2015\/\" target=\"_blank\" rel=\"noopener noreferrer\">zum Bericht<\/a><\/td>\n<\/tr>\n<\/tbody>\n<\/table>\n<p>&#8230; <a href=\"http:\/\/osk.koemau.at\/fussball\/spielplan-spielberichte-saison-2013-14\/\">hier geht&#8217;s zu den Spielberichten der Saison 2013\/14<\/a><\/p>\n","protected":false},"excerpt":{"rendered":"<p>Spielplan und Spielberichte Herbst (1. Klasse A2): 1. Runde 26.07. OSK K\u00f6tschach-M. &#8211; SK Grafendorf 2:1 &#8230; zum Bericht 2. Runde 02.08. SV Egg &#8211; OSK K\u00f6tschach-M. 2:0 &#8230; zum Bericht 3. Runde 09.08. OSK K\u00f6tschach-M. &#8211; SV Obermillstatt 1:3 &#8230; zum Bericht 4. Runde 16.08. SPG Nikolsd.\/Obbg. &#8211; OSK K\u00f6tschach-M. 4:4 &#8230; zum Bericht [&hellip;]<\/p>\n","protected":false},"author":1,"featured_media":0,"parent":0,"menu_order":0,"comment_status":"closed","ping_status":"closed","template":"","meta":{"footnotes":""},"_links":{"self":[{"href":"https:\/\/osk.koemau.at\/fussball\/wp-json\/wp\/v2\/pages\/5477"}],"collection":[{"href":"https:\/\/osk.koemau.at\/fussball\/wp-json\/wp\/v2\/pages"}],"about":[{"href":"https:\/\/osk.koemau.at\/fussball\/wp-json\/wp\/v2\/types\/page"}],"author":[{"embeddable":true,"href":"https:\/\/osk.koemau.at\/fussball\/wp-json\/wp\/v2\/users\/1"}],"replies":[{"embeddable":true,"href":"https:\/\/osk.koemau.at\/fussball\/wp-json\/wp\/v2\/comments?post=5477"}],"version-history":[{"count":1,"href":"https:\/\/osk.koemau.at\/fussball\/wp-json\/wp\/v2\/pages\/5477\/revisions"}],"predecessor-version":[{"id":5478,"href":"https:\/\/osk.koemau.at\/fussball\/wp-json\/wp\/v2\/pages\/5477\/revisions\/5478"}],"wp:attachment":[{"href":"https:\/\/osk.koemau.at\/fussball\/wp-json\/wp\/v2\/media?parent=5477"}],"curies":[{"name":"wp","href":"https:\/\/api.w.org\/{rel}","templated":true}]}}