{"id":5565,"date":"2019-09-04T13:25:46","date_gmt":"2019-09-04T11:25:46","guid":{"rendered":"http:\/\/osk.koemau.at\/fussball\/?page_id=5565"},"modified":"2019-09-04T13:25:46","modified_gmt":"2019-09-04T11:25:46","slug":"spielplan-spielberichte-saison-2013-14","status":"publish","type":"page","link":"https:\/\/osk.koemau.at\/fussball\/spielplan-spielberichte-saison-2013-14\/","title":{"rendered":"Spielplan &#038; Spielberichte Saison 2013\/14"},"content":{"rendered":"<table border=\"0\">\n<tbody>\n<tr>\n<td>1. Runde<\/td>\n<td>27.07.<\/td>\n<td>SG Gitschtal<\/td>\n<td>&#8211;<\/td>\n<td><strong>OSK K\u00f6tschach-M.<\/strong><\/td>\n<td>3:2<\/td>\n<td>&#8230; <a href=\"http:\/\/osk.koemau.at\/fussball\/2013\/07\/29\/1-runde-201314-samstag-27-juli-2013\/\">zum Bericht <\/a><\/td>\n<\/tr>\n<tr>\n<td>2. Runde<\/td>\n<td>03.08.<\/td>\n<td><strong>OSK K\u00f6tschach-M.<\/strong><\/td>\n<td>&#8211;<\/td>\n<td>Union Virgen<\/td>\n<td>4:1<\/td>\n<td>&#8230; <a href=\"http:\/\/osk.koemau.at\/fussball\/2013\/08\/05\/2-runde-201314-samstag-03-august-2013\/\">zum Bericht<\/a><\/td>\n<\/tr>\n<tr>\n<td>3. Runde<\/td>\n<td>11.08.<\/td>\n<td>SV Dellach\/Gail<\/td>\n<td>&#8211;<\/td>\n<td><strong>OSK K\u00f6tschach-M.<\/strong><\/td>\n<td>8:1<\/td>\n<td>&#8230; <a href=\"http:\/\/osk.koemau.at\/fussball\/2013\/08\/12\/3-runde-201314-sonntag-11-august-2013\/\">zum Bericht<\/a><\/td>\n<\/tr>\n<tr>\n<td>4. Runde<\/td>\n<td>17.08.<\/td>\n<td><strong>OSK K\u00f6tschach-M.<\/strong><\/td>\n<td>&#8211;<\/td>\n<td>FC D\u00f6lsach<\/td>\n<td>1:1<\/td>\n<td>&#8230; <a href=\"http:\/\/osk.koemau.at\/fussball\/2013\/08\/19\/4-runde-201314-samstag-17-august-2013\/\">zum Bericht <\/a><\/td>\n<\/tr>\n<tr>\n<td>5. Runde<\/td>\n<td>24.08.<\/td>\n<td>ATUS N\u00f6tsch<\/td>\n<td>&#8211;<\/td>\n<td><strong>OSK K\u00f6tschach-M.<\/strong><\/td>\n<td>2:1<\/td>\n<td>&#8230; <a href=\"http:\/\/osk.koemau.at\/fussball\/2013\/08\/26\/5-runde-201314-samstag-24-august-2013\/\">zum Bericht<\/a><\/td>\n<\/tr>\n<tr>\n<td>6. Runde<\/td>\n<td>31.08.<\/td>\n<td><strong>OSK K\u00f6tschach-M.<\/strong><\/td>\n<td>&#8211;<\/td>\n<td>Union Nikolsdorf<\/td>\n<td>2:2<\/td>\n<td>&#8230; <a href=\"http:\/\/osk.koemau.at\/fussball\/2013\/09\/02\/6-runde-201314-samstag-31-august-2013\/\">zum Bericht <\/a><\/td>\n<\/tr>\n<tr>\n<td>7. Runde<\/td>\n<td>08.09.<\/td>\n<td>SV Dellach\/Drau<\/td>\n<td>&#8211;<\/td>\n<td><strong>OSK K\u00f6tschach-M.<\/strong><\/td>\n<td>0:0<\/td>\n<td>&#8230; <a href=\"http:\/\/osk.koemau.at\/fussball\/2013\/09\/09\/7-runde-201314-sonntag-08-september-2013\/\">zum Bericht<\/a><\/td>\n<\/tr>\n<tr>\n<td>8. Runde<\/td>\n<td>15.09.<\/td>\n<td><strong>OSK K\u00f6tschach-M.<\/strong><\/td>\n<td>&#8211;<\/td>\n<td>SK Grafendorf<\/td>\n<td>2:2<\/td>\n<td>&#8230; <a href=\"http:\/\/osk.koemau.at\/fussball\/2013\/09\/16\/8-runde-201314-sonntag-15-september-2013\/\">zum Bericht<\/a><\/td>\n<\/tr>\n<tr>\n<td>9. Runde<\/td>\n<td>21.09.<\/td>\n<td>FC Sillian-Heinfels<\/td>\n<td>&#8211;<\/td>\n<td><strong>OSK K\u00f6tschach-M.<\/strong><\/td>\n<td>3:1<\/td>\n<td>&#8230; <a href=\"http:\/\/osk.koemau.at\/fussball\/2013\/09\/23\/9-runde-201314-samstag-21-september-2013\/\">zum Bericht<\/a><\/td>\n<\/tr>\n<tr>\n<td>10. Runde<\/td>\n<td>28.09.<\/td>\n<td>SV Stall<\/td>\n<td>&#8211;<\/td>\n<td><strong>OSK K\u00f6tschach-M.<\/strong><\/td>\n<td>4:1<\/td>\n<td>&#8230; <a href=\"http:\/\/osk.koemau.at\/fussball\/2013\/09\/30\/10-runde-201314-sonntag-29-september-2013\/\">zum Berich<\/a>t<\/td>\n<\/tr>\n<tr>\n<td>11. Runde<\/td>\n<td>05.10.<\/td>\n<td><strong>OSK K\u00f6tschach-M.<\/strong><\/td>\n<td>&#8211;<\/td>\n<td>SV Tristach<\/td>\n<td>4:4<\/td>\n<td>&#8230; <a href=\"http:\/\/osk.koemau.at\/fussball\/2013\/10\/07\/11-runde-201314-sonntag-06-september-2013\/\">zum Bericht<\/a><\/td>\n<\/tr>\n<tr>\n<td>12. Runde<\/td>\n<td>13.10.<\/td>\n<td>Union Thal\/Assling<\/td>\n<td>&#8211;<\/td>\n<td><strong>OSK K\u00f6tschach-M.<\/strong><\/td>\n<td>5:0<\/td>\n<td>&#8230; <a href=\"http:\/\/osk.koemau.at\/fussball\/2013\/10\/14\/12-runde-201314-sonntag-13-oktober-2013\/\">zum Bericht <\/a><\/td>\n<\/tr>\n<tr>\n<td>13. Runde<\/td>\n<td>20.10.<\/td>\n<td><strong>OSK K\u00f6tschach-M.<\/strong><\/td>\n<td>&#8211;<\/td>\n<td>SV Egg<\/td>\n<td>2:2<\/td>\n<td>&#8230; <a href=\"http:\/\/osk.koemau.at\/fussball\/2013\/10\/21\/13-runde-201314-sonntag-20-oktober-2013\/\">zum Bericht<\/a><\/td>\n<\/tr>\n<tr>\n<td>14. Runde<\/td>\n<td>27.10.<\/td>\n<td><strong>OSK K\u00f6tschach-M.<\/strong><\/td>\n<td>&#8211;<\/td>\n<td>SG Gitschtal<strong><br \/>\n<\/strong><\/td>\n<td>5:2<\/td>\n<td>&#8230; <a href=\"http:\/\/osk.koemau.at\/fussball\/2013\/10\/28\/14-runde-201314-sonntag-27-oktober-2013\/\">zum Bericht<\/a><\/td>\n<\/tr>\n<tr>\n<td>15. Runde<\/td>\n<td>02.11<\/td>\n<td>Union Virgen<strong><br \/>\n<\/strong><\/td>\n<td>&#8211;<\/td>\n<td><strong>OSK K\u00f6tschach-M.<\/strong><\/td>\n<td>3:1<\/td>\n<td>&#8230; <a href=\"http:\/\/osk.koemau.at\/fussball\/2013\/11\/04\/15-runde-201314-samstag-02-november-2013\/\">zum Bericht <\/a><\/td>\n<\/tr>\n<tr>\n<td>16. Runde<\/td>\n<td>21.04.<\/td>\n<td><strong>OSK K\u00f6tschach-M.<\/strong><\/td>\n<td>&#8211;<\/td>\n<td>SV Dellach\/Gail<\/td>\n<td>0:2<\/td>\n<td>&#8230; <a href=\"http:\/\/osk.koemau.at\/fussball\/2014\/04\/22\/16-runde-201314-ostermontag-21-april-2014\/\">zum Bericht<\/a><\/td>\n<\/tr>\n<tr>\n<td>17. Runde<\/td>\n<td>06.04.<\/td>\n<td>FC D\u00f6lsach<strong><br \/>\n<\/strong><\/td>\n<td>&#8211;<\/td>\n<td><strong>OSK K\u00f6tschach-M.<\/strong><\/td>\n<td>1:0<\/td>\n<td>&#8230; <a href=\"http:\/\/osk.koemau.at\/fussball\/2014\/04\/07\/17-runde-201314-samstag-05-april-2014\/\">zum Bericht<\/a><\/td>\n<\/tr>\n<tr>\n<td>18. Runde<\/td>\n<td>13.04.<\/td>\n<td><strong>OSK K\u00f6tschach-M.<\/strong><\/td>\n<td>&#8211;<\/td>\n<td>ATUS N\u00f6tsch<strong><br \/>\n<\/strong><\/td>\n<td>1:1<\/td>\n<td>&#8230; <a href=\"http:\/\/osk.koemau.at\/fussball\/2014\/04\/14\/18-runde-201314-sonntag-13-april-2014\/\">zum Bericht<\/a><\/td>\n<\/tr>\n<tr>\n<td>19. Runde<\/td>\n<td>19.04.<\/td>\n<td>Union Nikolsdorf<\/td>\n<td>&#8211;<\/td>\n<td><strong>OSK K\u00f6tschach-M.<\/strong><\/td>\n<td>7:3<\/td>\n<td>&#8230; <a href=\"http:\/\/osk.koemau.at\/fussball\/2014\/04\/20\/19-runde-201314-samstag-19-april-2014\/\">zum Bericht<\/a><\/td>\n<\/tr>\n<tr>\n<td>20. Runde<\/td>\n<td>27.04.<\/td>\n<td><strong>OSK K\u00f6tschach-M.<\/strong><\/td>\n<td>&#8211;<\/td>\n<td>SV Dellach\/Drau<\/td>\n<td>1:2<\/td>\n<td>&#8230; <a href=\"http:\/\/osk.koemau.at\/fussball\/2014\/04\/28\/20-runde-201314-sonntag-27-april-2014\/\">zum Bericht <\/a><\/td>\n<\/tr>\n<tr>\n<td>21. Runde<\/td>\n<td>04.05.<\/td>\n<td>SK Grafendorf<\/td>\n<td>&#8211;<\/td>\n<td><strong>OSK K\u00f6tschach-M.<\/strong><\/td>\n<td>0:1<\/td>\n<td>&#8230; <a href=\"http:\/\/osk.koemau.at\/fussball\/2014\/05\/05\/21-runde-201314-sonntag-27-april-2014\/\">zum Bericht<\/a><\/td>\n<\/tr>\n<tr>\n<td>22. Runde<\/td>\n<td>10.05.<\/td>\n<td><strong>OSK K\u00f6tschach-M.<\/strong><\/td>\n<td>&#8211;<\/td>\n<td>FC Sillian-Heinfels<\/td>\n<td>1:3<\/td>\n<td>&#8230; <a href=\"http:\/\/osk.koemau.at\/fussball\/2014\/05\/12\/22-runde-201314-samstag-10-mai-2014\/\">zum Bericht <\/a><\/td>\n<\/tr>\n<tr>\n<td>23. Runde<\/td>\n<td>18.05.<\/td>\n<td><strong>OSK K\u00f6tschach-M.<\/strong><\/td>\n<td>&#8211;<\/td>\n<td>SV Stall<\/td>\n<td>2:3<\/td>\n<td>&#8230; <a href=\"http:\/\/osk.koemau.at\/fussball\/2014\/05\/18\/23-runde-201314-sonntag-18-mai-2014\/\">zum Bericht <\/a><\/td>\n<\/tr>\n<tr>\n<td>24. Runde<\/td>\n<td>25.05.<\/td>\n<td>SV Tristach<\/td>\n<td>&#8211;<\/td>\n<td><strong>OSK K\u00f6tschach-M.<\/strong><\/td>\n<td>0:0<\/td>\n<td>&#8230; <a href=\"http:\/\/osk.koemau.at\/fussball\/2014\/05\/26\/24-runde-201314-sonntag-25-mai-2014\/\">zum Bericht<\/a><\/td>\n<\/tr>\n<tr>\n<td>25. Runde<\/td>\n<td>31.05<\/td>\n<td><strong>OSK K\u00f6tschach-M.<\/strong><\/td>\n<td>&#8211;<\/td>\n<td>Union Thal\/Assling<\/td>\n<td>0:1<\/td>\n<td>&#8230; <a href=\"http:\/\/osk.koemau.at\/fussball\/2014\/06\/02\/25-runde-201314-samstag-31-mai-2014\/\">zum Bericht<\/a><\/td>\n<\/tr>\n<tr>\n<td>26. Runde<\/td>\n<td>14.06<\/td>\n<td>SV Egg<\/td>\n<td>&#8211;<\/td>\n<td><strong>OSK K\u00f6tschach-M.<\/strong><\/td>\n<td>1:1<\/td>\n<td>&#8230; <a href=\"http:\/\/osk.koemau.at\/fussball\/2014\/06\/16\/26-runde-201314-samstag-14-juni-2014\/\">zum Bericht<\/a><\/td>\n<\/tr>\n<\/tbody>\n<\/table>\n","protected":false},"excerpt":{"rendered":"<p>1. Runde 27.07. SG Gitschtal &#8211; OSK K\u00f6tschach-M. 3:2 &#8230; zum Bericht 2. Runde 03.08. OSK K\u00f6tschach-M. &#8211; Union Virgen 4:1 &#8230; zum Bericht 3. Runde 11.08. SV Dellach\/Gail &#8211; OSK K\u00f6tschach-M. 8:1 &#8230; zum Bericht 4. Runde 17.08. OSK K\u00f6tschach-M. &#8211; FC D\u00f6lsach 1:1 &#8230; zum Bericht 5. Runde 24.08. ATUS N\u00f6tsch &#8211; OSK [&hellip;]<\/p>\n","protected":false},"author":1,"featured_media":0,"parent":0,"menu_order":0,"comment_status":"closed","ping_status":"closed","template":"","meta":{"footnotes":""},"_links":{"self":[{"href":"https:\/\/osk.koemau.at\/fussball\/wp-json\/wp\/v2\/pages\/5565"}],"collection":[{"href":"https:\/\/osk.koemau.at\/fussball\/wp-json\/wp\/v2\/pages"}],"about":[{"href":"https:\/\/osk.koemau.at\/fussball\/wp-json\/wp\/v2\/types\/page"}],"author":[{"embeddable":true,"href":"https:\/\/osk.koemau.at\/fussball\/wp-json\/wp\/v2\/users\/1"}],"replies":[{"embeddable":true,"href":"https:\/\/osk.koemau.at\/fussball\/wp-json\/wp\/v2\/comments?post=5565"}],"version-history":[{"count":1,"href":"https:\/\/osk.koemau.at\/fussball\/wp-json\/wp\/v2\/pages\/5565\/revisions"}],"predecessor-version":[{"id":5566,"href":"https:\/\/osk.koemau.at\/fussball\/wp-json\/wp\/v2\/pages\/5565\/revisions\/5566"}],"wp:attachment":[{"href":"https:\/\/osk.koemau.at\/fussball\/wp-json\/wp\/v2\/media?parent=5565"}],"curies":[{"name":"wp","href":"https:\/\/api.w.org\/{rel}","templated":true}]}}