{"id":580,"date":"2018-09-08T11:12:47","date_gmt":"2018-09-08T09:12:47","guid":{"rendered":"http:\/\/osk.koemau.at\/fussball\/?page_id=580"},"modified":"2018-09-08T11:54:09","modified_gmt":"2018-09-08T09:54:09","slug":"neubau-sportplatz","status":"publish","type":"page","link":"https:\/\/osk.koemau.at\/fussball\/stadion\/neubau-sportplatz\/","title":{"rendered":"Neubau Sportplatz"},"content":{"rendered":"<p>Die\u00a0Heimspiele des OSK fanden zun\u00e4chst auf dem Sportplatz in der N\u00e4he der Firma LUVATA (vormals ECO) statt. Dieser Platz wird heute noch f\u00fcr die Vorbereitungszeit im Fr\u00fchjahr genutzt. 1983 \u00fcbersiedelte man dann auf den vom Schulgemeindeverband errichteten Platz in der N\u00e4he vom Hallenbad, auf dem man bis Sommer 2003 die Spiele austrug.\u00a0Seit dem\u00a0<strong>30. August 2003<\/strong>\u00a0(erstes Spiel gegen den SC Wei\u00dfensee endete mit einem 1:0-Sieg f\u00fcr den OSK) spielt man\u00a0nun auf dem westlich vom &#8222;alten&#8220; Sportplatz errichteten Gel\u00e4nde.\u00a0Am Samstag, den\u00a0<strong>24. November 2001<\/strong>, erfolgte von der\u00a0Politikprominenz und den OSK-Verantwortlichen der\u00a0<strong>Spatenstich<\/strong>\u00a0f\u00fcr den neuen Sportplatz.\u00a0F\u00fcr die Realisierung des Projektes zeichnen in erster Linie B\u00fcrgermeister\u00a0<strong>Walter Hartlieb<\/strong>\u00a0und OSK-Obmann\u00a0<strong>Harald Unterluggauer<\/strong>\u00a0verantwortlich.\u00a0Die ersten Erdbewegungsarbeiten wurden von der ortsans\u00e4ssigen Baufirma\u00a0<strong>SEIWALD\u00a0<\/strong>bereits am darauffolgenden Montag durchgef\u00fchrt.<\/p>\n<p><img loading=\"lazy\" decoding=\"async\" class=\"wp-image-582 size-full aligncenter\" src=\"http:\/\/osk.koemau.at\/fussball\/wp-content\/uploads\/sites\/2\/2018\/09\/sportplatz1.jpg\" alt=\"\" width=\"480\" height=\"315\" srcset=\"https:\/\/osk.koemau.at\/fussball\/wp-content\/uploads\/sites\/2\/2018\/09\/sportplatz1.jpg 480w, https:\/\/osk.koemau.at\/fussball\/wp-content\/uploads\/sites\/2\/2018\/09\/sportplatz1-300x197.jpg 300w, https:\/\/osk.koemau.at\/fussball\/wp-content\/uploads\/sites\/2\/2018\/09\/sportplatz1-128x84.jpg 128w\" sizes=\"(max-width: 480px) 100vw, 480px\" \/><br \/>\n<img loading=\"lazy\" decoding=\"async\" class=\"size-full wp-image-586 aligncenter\" src=\"http:\/\/osk.koemau.at\/fussball\/wp-content\/uploads\/sites\/2\/2018\/09\/sportplatz2.jpg\" alt=\"\" width=\"480\" height=\"323\" srcset=\"https:\/\/osk.koemau.at\/fussball\/wp-content\/uploads\/sites\/2\/2018\/09\/sportplatz2.jpg 480w, https:\/\/osk.koemau.at\/fussball\/wp-content\/uploads\/sites\/2\/2018\/09\/sportplatz2-300x202.jpg 300w, https:\/\/osk.koemau.at\/fussball\/wp-content\/uploads\/sites\/2\/2018\/09\/sportplatz2-128x86.jpg 128w\" sizes=\"(max-width: 480px) 100vw, 480px\" \/><br \/>\n<figure id=\"attachment_587\" aria-describedby=\"caption-attachment-587\" style=\"width: 480px\" class=\"wp-caption aligncenter\"><img loading=\"lazy\" decoding=\"async\" class=\"size-full wp-image-587\" src=\"http:\/\/osk.koemau.at\/fussball\/wp-content\/uploads\/sites\/2\/2018\/09\/sportplatz3.jpg\" alt=\"\" width=\"480\" height=\"323\" srcset=\"https:\/\/osk.koemau.at\/fussball\/wp-content\/uploads\/sites\/2\/2018\/09\/sportplatz3.jpg 480w, https:\/\/osk.koemau.at\/fussball\/wp-content\/uploads\/sites\/2\/2018\/09\/sportplatz3-300x202.jpg 300w, https:\/\/osk.koemau.at\/fussball\/wp-content\/uploads\/sites\/2\/2018\/09\/sportplatz3-128x86.jpg 128w\" sizes=\"(max-width: 480px) 100vw, 480px\" \/><figcaption id=\"caption-attachment-587\" class=\"wp-caption-text\">Dieses Bild zeigt den Sportplatz im <strong>September 2002<\/strong> mit (fast) fertig gestellter Trib\u00fcne kurz vor dem Auftragen des Rasensamens.<\/figcaption><\/figure><\/p>\n<p>Endlich war es soweit &#8211; Blick aus der Vogelperspektive auf das neue Prunkst\u00fcck unseres Vereines unmittelbar vor dem ersten Meisterschaftsspiel im\u00a0<strong>August 2003<\/strong>.<\/p>\n<p><figure id=\"attachment_589\" aria-describedby=\"caption-attachment-589\" style=\"width: 480px\" class=\"wp-caption aligncenter\"><img loading=\"lazy\" decoding=\"async\" class=\"wp-image-589 size-full\" src=\"http:\/\/osk.koemau.at\/fussball\/wp-content\/uploads\/sites\/2\/2018\/09\/sportplatz4.jpg\" alt=\"\" width=\"480\" height=\"514\" \/><figcaption id=\"caption-attachment-589\" class=\"wp-caption-text\">(vorne das Hauptfeld &#8211; hinten der Trainingsplatz &#8211; im Vordergrund die <a href=\"http:\/\/www.aquarena.info\/\" target=\"_blank\" rel=\"noopener\">Aquarena<\/a>)<\/figcaption><\/figure><br \/>\n<figure id=\"attachment_591\" aria-describedby=\"caption-attachment-591\" style=\"width: 480px\" class=\"wp-caption aligncenter\"><img loading=\"lazy\" decoding=\"async\" class=\"wp-image-591 size-full\" src=\"http:\/\/osk.koemau.at\/fussball\/wp-content\/uploads\/sites\/2\/2018\/09\/sportplatz5.jpg\" alt=\"\" width=\"480\" height=\"320\" \/><figcaption id=\"caption-attachment-591\" class=\"wp-caption-text\">(Abma\u00dfe des Spielfeldes: 108 x 68 m)<\/figcaption><\/figure><br \/>\n<figure id=\"attachment_592\" aria-describedby=\"caption-attachment-592\" style=\"width: 480px\" class=\"wp-caption aligncenter\"><img loading=\"lazy\" decoding=\"async\" class=\"size-full wp-image-592\" src=\"http:\/\/osk.koemau.at\/fussball\/wp-content\/uploads\/sites\/2\/2018\/09\/sportplatz6.jpg\" alt=\"\" width=\"480\" height=\"335\" \/><figcaption id=\"caption-attachment-592\" class=\"wp-caption-text\">(Trainingsplatz)<\/figcaption><\/figure><\/p>\n<p>Am Samstag, den\u00a0<strong>27. September 2003<\/strong>, kam es zur offiziellen Er\u00f6ffnung und Einweihung unseres neuen Stadions.\u00a0Bei herrlichem Herbstwetter begr\u00fc\u00dfte OSK-Obmann\u00a0<strong>Harald Unterluggauer<\/strong>\u00a0die anwesenden Ehreng\u00e4ste und nat\u00fcrlich auch die gro\u00dfe OSK-Familie.<\/p>\n<figure id=\"attachment_593\" aria-describedby=\"caption-attachment-593\" style=\"width: 480px\" class=\"wp-caption aligncenter\"><img loading=\"lazy\" decoding=\"async\" class=\"wp-image-593 size-full\" src=\"http:\/\/osk.koemau.at\/fussball\/wp-content\/uploads\/sites\/2\/2018\/09\/sportplatz7.jpg\" alt=\"\" width=\"480\" height=\"360\" \/><figcaption id=\"caption-attachment-593\" class=\"wp-caption-text\">(f\u00fcr die musikalische Umrahmung sorgte die Trachtenkapelle K\u00f6tschach)<\/figcaption><\/figure>\n<p>Seine Dankesworte richteten sich nochmals an die Ideenbringer, Planer, Finanzierer und Umsetzer dieses Projektes. Aber auch Schwierigkeiten w\u00e4hrend der Bauphase wurden aufgezeigt. So war es zum Beispiel von gro\u00dfer Bedeutung, dass die Baufirma Seiwald als einzige ein Pauschalangebot stellen konnte. Dies erwies sich bereits kurz nach Baubeginn als enorm wichtig, denn der Felsen auf der S\u00fcdseite des Hanges war wesentlich gr\u00f6\u00dfer und widerspenstiger als erwartet. Ein zus\u00e4tzliches Problem war, dass aufgrund der angrenzenden Aquarena \u00e4u\u00dferst vorsichtig bei den Sprengungen vorgegangen werden musste.<\/p>\n<p>Aber auch den Wassermassen, die bei starkem Niederschlag aus dem Hang drangen, musste man Herr werden. So wurden auch hier mehr Drainagen zur Ableitung des Wasser gesetzt, als dies urspr\u00fcnglich geplant war.Schlussendlich konnten aber alle Probleme gel\u00f6st werden und so k\u00f6nnen wir heute mit Stolz auf dieses Schmuckk\u00e4stchen schauen.<\/p>\n<p>Anschlie\u00dfend trat der Initiator und &#8222;Motor&#8220; dieses Bauvorhabens, B\u00fcrgermeister\u00a0<strong>Walter Hartlieb<\/strong>, an das Rednerpult. Er unterstrich nochmals die Wichtigkeit solcher infrastrukturellen Ma\u00dfnahmen &#8211; sowohl f\u00fcr die heimische Bev\u00f6lkerung als auch f\u00fcr unsere G\u00e4ste.<\/p>\n<p><img loading=\"lazy\" decoding=\"async\" class=\"size-full wp-image-594 aligncenter\" src=\"http:\/\/osk.koemau.at\/fussball\/wp-content\/uploads\/sites\/2\/2018\/09\/sportplatz8.jpg\" alt=\"\" width=\"480\" height=\"317\" \/><\/p>\n<p>Als ehemaliger Fu\u00dfballer waren ihm nat\u00fcrlich die Probleme des alten Sportplatzes mehr als bekannt (knochenhart bei Trockenheit; aufgrund der Unebenheiten bzw. L\u00f6cher hohes Verletzungsrisiko; Wasserstau schon bei geringen Niederschlagsmengen und dadurch Unbespielbarkeit). Es bestand dringender Handlungsbedarf. Nach der Zusicherung der notwendigen Gelder ging es dann Schlag auf Schlag.<\/p>\n<figure id=\"attachment_595\" aria-describedby=\"caption-attachment-595\" style=\"width: 480px\" class=\"wp-caption aligncenter\"><img loading=\"lazy\" decoding=\"async\" class=\"size-full wp-image-595\" src=\"http:\/\/osk.koemau.at\/fussball\/wp-content\/uploads\/sites\/2\/2018\/09\/sportplatz9.jpg\" alt=\"\" width=\"480\" height=\"360\" \/><figcaption id=\"caption-attachment-595\" class=\"wp-caption-text\">(LR Gerhard D\u00f6rfler)<\/figcaption><\/figure>\n<p>Das Grundst\u00fcck wurde von der Gemeinde angekauft. Spatenstich und Baubeginn folgten im November 2001. Das erste Spiel fand im August 2003 statt.\u00a0Da die Finanzierung eines solchen Projektes von Gemeinde und Sportklub allein nicht m\u00f6glich ist, waren wir auf finanzielle Unterst\u00fctzung anderer angewiesen.<\/p>\n<p>Diese Unterst\u00fctzung kam vom Land K\u00e4rnten (am Samstag vertreten durch Sportreferenten\u00a0<strong>LR Gerhard D\u00f6rfler<\/strong>,\u00a0<strong>LAbg Ferdinand Sablatnig<\/strong>\u00a0und\u00a0<strong>LAbg Gerhard Stangl<\/strong>), vom Schulgemeindeverband Hermagor (vertreten durch\u00a0<strong>Ing. Helmuth Haas<\/strong>), vom K\u00e4rntner Fu\u00dfballverband (vertreten durch den Pr\u00e4sidenten\u00a0<strong>Dr. Thomas Partl<\/strong>) und von unserem Dachverband, dem ASV\u00d6 (vertreten durch\u00a0<strong>Johann F\u00fchrer<\/strong>).<\/p>\n<p><figure id=\"attachment_596\" aria-describedby=\"caption-attachment-596\" style=\"width: 480px\" class=\"wp-caption aligncenter\"><img loading=\"lazy\" decoding=\"async\" class=\"size-full wp-image-596\" src=\"http:\/\/osk.koemau.at\/fussball\/wp-content\/uploads\/sites\/2\/2018\/09\/sportplatz10.jpg\" alt=\"\" width=\"480\" height=\"360\" \/><figcaption id=\"caption-attachment-596\" class=\"wp-caption-text\">(die Ehreng\u00e4ste vor der pr\u00e4chtigen Kulisse von Polinik, Cellon und Mauthner Alm)<\/figcaption><\/figure><br \/>\n<img loading=\"lazy\" decoding=\"async\" class=\"size-full wp-image-597 aligncenter\" src=\"http:\/\/osk.koemau.at\/fussball\/wp-content\/uploads\/sites\/2\/2018\/09\/sportplatz11.jpg\" alt=\"\" width=\"480\" height=\"360\" \/><\/p>\n<p>Schlussendlich kam es noch zum Wichtigsten an diesem Tag, n\u00e4mlich zum Segen des Gel\u00e4ndes durch\u00a0<strong>Pater Gilbert<\/strong>.<\/p>\n<p><img loading=\"lazy\" decoding=\"async\" class=\"size-full wp-image-598 aligncenter\" src=\"http:\/\/osk.koemau.at\/fussball\/wp-content\/uploads\/sites\/2\/2018\/09\/sportplatz12.jpg\" alt=\"\" width=\"480\" height=\"360\" srcset=\"https:\/\/osk.koemau.at\/fussball\/wp-content\/uploads\/sites\/2\/2018\/09\/sportplatz12.jpg 480w, https:\/\/osk.koemau.at\/fussball\/wp-content\/uploads\/sites\/2\/2018\/09\/sportplatz12-300x225.jpg 300w, https:\/\/osk.koemau.at\/fussball\/wp-content\/uploads\/sites\/2\/2018\/09\/sportplatz12-128x96.jpg 128w\" sizes=\"(max-width: 480px) 100vw, 480px\" \/><br \/>\n<img loading=\"lazy\" decoding=\"async\" class=\"size-full wp-image-599 aligncenter\" src=\"http:\/\/osk.koemau.at\/fussball\/wp-content\/uploads\/sites\/2\/2018\/09\/sportplatz13.jpg\" alt=\"\" width=\"480\" height=\"291\" srcset=\"https:\/\/osk.koemau.at\/fussball\/wp-content\/uploads\/sites\/2\/2018\/09\/sportplatz13.jpg 480w, https:\/\/osk.koemau.at\/fussball\/wp-content\/uploads\/sites\/2\/2018\/09\/sportplatz13-300x182.jpg 300w, https:\/\/osk.koemau.at\/fussball\/wp-content\/uploads\/sites\/2\/2018\/09\/sportplatz13-128x78.jpg 128w\" sizes=\"(max-width: 480px) 100vw, 480px\" \/><\/p>\n<p>Die Trib\u00fcne (mit der kleinen Kantine in der Mitte) wurde perfekt in die Landschaft eingebettet. Neben der Errichtung dieser Trib\u00fcne fiel auch noch die Umz\u00e4unung des Gel\u00e4ndes in den Bereich &#8222;Eigenleistung des OSK&#8220;.\u00a0Hauptverantwortlich f\u00fcr den Ablauf am Bau und gleichzeitig Mann mit den meisten Arbeitsstunden war\u00a0<strong>Martin Obernosterer<\/strong>.\u00a0In diesem Zusammenhang sei nochmals allen gedankt, die zur Errichtung dieser wundersch\u00f6nen Anlage beitrugen.<\/p>\n<p><img loading=\"lazy\" decoding=\"async\" class=\"size-full wp-image-600 aligncenter\" src=\"http:\/\/osk.koemau.at\/fussball\/wp-content\/uploads\/sites\/2\/2018\/09\/sportplatz14.jpg\" alt=\"\" width=\"480\" height=\"623\" srcset=\"https:\/\/osk.koemau.at\/fussball\/wp-content\/uploads\/sites\/2\/2018\/09\/sportplatz14.jpg 480w, https:\/\/osk.koemau.at\/fussball\/wp-content\/uploads\/sites\/2\/2018\/09\/sportplatz14-231x300.jpg 231w, https:\/\/osk.koemau.at\/fussball\/wp-content\/uploads\/sites\/2\/2018\/09\/sportplatz14-99x128.jpg 99w\" sizes=\"(max-width: 480px) 100vw, 480px\" \/><\/p>\n","protected":false},"excerpt":{"rendered":"<p>Die\u00a0Heimspiele des OSK fanden zun\u00e4chst auf dem Sportplatz in der N\u00e4he der Firma LUVATA (vormals ECO) statt. Dieser Platz wird heute noch f\u00fcr die Vorbereitungszeit im Fr\u00fchjahr genutzt. 1983 \u00fcbersiedelte man dann auf den vom Schulgemeindeverband errichteten Platz in der N\u00e4he vom Hallenbad, auf dem man bis Sommer 2003 die Spiele austrug.\u00a0Seit dem\u00a030. August 2003\u00a0(erstes [&hellip;]<\/p>\n","protected":false},"author":1,"featured_media":0,"parent":578,"menu_order":0,"comment_status":"closed","ping_status":"closed","template":"","meta":{"footnotes":""},"_links":{"self":[{"href":"https:\/\/osk.koemau.at\/fussball\/wp-json\/wp\/v2\/pages\/580"}],"collection":[{"href":"https:\/\/osk.koemau.at\/fussball\/wp-json\/wp\/v2\/pages"}],"about":[{"href":"https:\/\/osk.koemau.at\/fussball\/wp-json\/wp\/v2\/types\/page"}],"author":[{"embeddable":true,"href":"https:\/\/osk.koemau.at\/fussball\/wp-json\/wp\/v2\/users\/1"}],"replies":[{"embeddable":true,"href":"https:\/\/osk.koemau.at\/fussball\/wp-json\/wp\/v2\/comments?post=580"}],"version-history":[{"count":5,"href":"https:\/\/osk.koemau.at\/fussball\/wp-json\/wp\/v2\/pages\/580\/revisions"}],"predecessor-version":[{"id":627,"href":"https:\/\/osk.koemau.at\/fussball\/wp-json\/wp\/v2\/pages\/580\/revisions\/627"}],"up":[{"embeddable":true,"href":"https:\/\/osk.koemau.at\/fussball\/wp-json\/wp\/v2\/pages\/578"}],"wp:attachment":[{"href":"https:\/\/osk.koemau.at\/fussball\/wp-json\/wp\/v2\/media?parent=580"}],"curies":[{"name":"wp","href":"https:\/\/api.w.org\/{rel}","templated":true}]}}