{"id":8596,"date":"2023-06-23T11:28:17","date_gmt":"2023-06-23T09:28:17","guid":{"rendered":"https:\/\/osk.koemau.at\/fussball\/?page_id=8596"},"modified":"2023-06-23T11:28:19","modified_gmt":"2023-06-23T09:28:19","slug":"umstieg-zu-rasenroboter","status":"publish","type":"page","link":"https:\/\/osk.koemau.at\/fussball\/stadion\/umstieg-zu-rasenroboter\/","title":{"rendered":"Umstieg zu Rasenroboter"},"content":{"rendered":"<p>Im Fr\u00fchjahr 2023 entschied sich der OSK zu einer klimafreundlicheren Rasenpflege und stieg auf einen Rasenroboter um.<\/p>\n<p>Benzinbetriebene Rasenm\u00e4her sind nicht nur eine L\u00e4rmquelle, sondern auch Ursache f\u00fcr erhebliche Mengen an Luftschadstoffen. Daher hat sich der OSK K\u00f6tschach-Mauthen entschieden auf einen Rasenroboter umzusteigen. Da gesamt eine Fl\u00e4che von ca. 12.000 m2 gem\u00e4ht werden muss, sind die Angebote bzw. Auswahl nicht so gro\u00df.<strong> In Zusammenarbeit mit der Fa. Maschinen Gailer wurde dann ein entsprechendes Ger\u00e4t gesucht und mit dem Belrobotics BigMov 1050 auch gefunden.<\/strong><\/p>\n<p><img loading=\"lazy\" decoding=\"async\" class=\"aligncenter size-large wp-image-8164\" src=\"http:\/\/osk.koemau.at\/fussball\/wp-content\/uploads\/sites\/2\/2023\/03\/Gailer_Maschinen-1024x507.jpg\" alt=\"\" width=\"1024\" height=\"507\" \/> <img loading=\"lazy\" decoding=\"async\" class=\"aligncenter size-full wp-image-8240\" src=\"http:\/\/osk.koemau.at\/fussball\/wp-content\/uploads\/sites\/2\/2023\/03\/EDER_Logo_Retina.png\" alt=\"\" width=\"300\" height=\"125\" srcset=\"https:\/\/osk.koemau.at\/fussball\/wp-content\/uploads\/sites\/2\/2023\/03\/EDER_Logo_Retina.png 300w, https:\/\/osk.koemau.at\/fussball\/wp-content\/uploads\/sites\/2\/2023\/03\/EDER_Logo_Retina-128x53.png 128w\" sizes=\"(max-width: 300px) 100vw, 300px\" \/><br \/>Es freut uns, dass der OSK K\u00f6tschach-Mauthen so auch einen Beitrag leisten kann.<\/p>\n<p><strong>#Schau auf deinen Planeten\u2026\u2026 du hast nur einen!<\/strong><\/p>\n<p><img loading=\"lazy\" decoding=\"async\" class=\"aligncenter size-full wp-image-8241\" src=\"http:\/\/osk.koemau.at\/fussball\/wp-content\/uploads\/sites\/2\/2023\/03\/Rasenroboter_04-Mittel.jpeg\" alt=\"\" width=\"923\" height=\"768\" srcset=\"https:\/\/osk.koemau.at\/fussball\/wp-content\/uploads\/sites\/2\/2023\/03\/Rasenroboter_04-Mittel.jpeg 923w, https:\/\/osk.koemau.at\/fussball\/wp-content\/uploads\/sites\/2\/2023\/03\/Rasenroboter_04-Mittel-300x250.jpeg 300w, https:\/\/osk.koemau.at\/fussball\/wp-content\/uploads\/sites\/2\/2023\/03\/Rasenroboter_04-Mittel-768x639.jpeg 768w, https:\/\/osk.koemau.at\/fussball\/wp-content\/uploads\/sites\/2\/2023\/03\/Rasenroboter_04-Mittel-128x107.jpeg 128w\" sizes=\"(max-width: 923px) 100vw, 923px\" \/> <img loading=\"lazy\" decoding=\"async\" class=\"aligncenter size-full wp-image-8239\" src=\"http:\/\/osk.koemau.at\/fussball\/wp-content\/uploads\/sites\/2\/2023\/03\/Rasenroboter_01-Mittel.jpg\" alt=\"\" width=\"1024\" height=\"768\" srcset=\"https:\/\/osk.koemau.at\/fussball\/wp-content\/uploads\/sites\/2\/2023\/03\/Rasenroboter_01-Mittel.jpg 1024w, https:\/\/osk.koemau.at\/fussball\/wp-content\/uploads\/sites\/2\/2023\/03\/Rasenroboter_01-Mittel-300x225.jpg 300w, https:\/\/osk.koemau.at\/fussball\/wp-content\/uploads\/sites\/2\/2023\/03\/Rasenroboter_01-Mittel-768x576.jpg 768w, https:\/\/osk.koemau.at\/fussball\/wp-content\/uploads\/sites\/2\/2023\/03\/Rasenroboter_01-Mittel-128x96.jpg 128w\" sizes=\"(max-width: 1024px) 100vw, 1024px\" \/> <img loading=\"lazy\" decoding=\"async\" class=\"aligncenter wp-image-8238\" src=\"http:\/\/osk.koemau.at\/fussball\/wp-content\/uploads\/sites\/2\/2023\/03\/Rasenroboter_02-Mittel.jpg\" alt=\"\" width=\"1024\" height=\"1365\" srcset=\"https:\/\/osk.koemau.at\/fussball\/wp-content\/uploads\/sites\/2\/2023\/03\/Rasenroboter_02-Mittel.jpg 768w, https:\/\/osk.koemau.at\/fussball\/wp-content\/uploads\/sites\/2\/2023\/03\/Rasenroboter_02-Mittel-225x300.jpg 225w, https:\/\/osk.koemau.at\/fussball\/wp-content\/uploads\/sites\/2\/2023\/03\/Rasenroboter_02-Mittel-96x128.jpg 96w\" sizes=\"(max-width: 1024px) 100vw, 1024px\" \/><\/p>\n<p>Die Bilder sind vom Samstag,12.11.2022, wo der Belrobotics BigMov 1050 in der OSK Arena vorgestellt wurde.<\/p>\n<p>\u00a0<\/p>\n\n\n<p><\/p>\n","protected":false},"excerpt":{"rendered":"<p>Im Fr\u00fchjahr 2023 entschied sich der OSK zu einer klimafreundlicheren Rasenpflege und stieg auf einen Rasenroboter um. Benzinbetriebene Rasenm\u00e4her sind nicht nur eine L\u00e4rmquelle, sondern auch Ursache f\u00fcr erhebliche Mengen an Luftschadstoffen. Daher hat sich der OSK K\u00f6tschach-Mauthen entschieden auf einen Rasenroboter umzusteigen. Da gesamt eine Fl\u00e4che von ca. 12.000 m2 gem\u00e4ht werden muss, sind [&hellip;]<\/p>\n","protected":false},"author":2,"featured_media":0,"parent":578,"menu_order":0,"comment_status":"closed","ping_status":"closed","template":"","meta":{"footnotes":""},"_links":{"self":[{"href":"https:\/\/osk.koemau.at\/fussball\/wp-json\/wp\/v2\/pages\/8596"}],"collection":[{"href":"https:\/\/osk.koemau.at\/fussball\/wp-json\/wp\/v2\/pages"}],"about":[{"href":"https:\/\/osk.koemau.at\/fussball\/wp-json\/wp\/v2\/types\/page"}],"author":[{"embeddable":true,"href":"https:\/\/osk.koemau.at\/fussball\/wp-json\/wp\/v2\/users\/2"}],"replies":[{"embeddable":true,"href":"https:\/\/osk.koemau.at\/fussball\/wp-json\/wp\/v2\/comments?post=8596"}],"version-history":[{"count":2,"href":"https:\/\/osk.koemau.at\/fussball\/wp-json\/wp\/v2\/pages\/8596\/revisions"}],"predecessor-version":[{"id":8598,"href":"https:\/\/osk.koemau.at\/fussball\/wp-json\/wp\/v2\/pages\/8596\/revisions\/8598"}],"up":[{"embeddable":true,"href":"https:\/\/osk.koemau.at\/fussball\/wp-json\/wp\/v2\/pages\/578"}],"wp:attachment":[{"href":"https:\/\/osk.koemau.at\/fussball\/wp-json\/wp\/v2\/media?parent=8596"}],"curies":[{"name":"wp","href":"https:\/\/api.w.org\/{rel}","templated":true}]}}